{"id":3492,"date":"2026-01-27T11:25:25","date_gmt":"2026-01-27T10:25:25","guid":{"rendered":"https:\/\/velorainvesta.com\/aviso-legal\/"},"modified":"2026-03-18T11:00:43","modified_gmt":"2026-03-18T10:00:43","slug":"avviso-legale","status":"publish","type":"page","link":"https:\/\/velorainvesta.com\/it\/avviso-legale\/","title":{"rendered":"Avviso legale"},"content":{"rendered":"\t\t<div data-elementor-type=\"wp-page\" data-elementor-id=\"3492\" class=\"elementor elementor-3492 elementor-394\" data-elementor-post-type=\"page\">\n\t\t\t\t<div class=\"elementor-element elementor-element-30858f97 e-flex e-con-boxed e-con e-parent\" data-id=\"30858f97\" data-element_type=\"container\" data-e-type=\"container\" data-settings=\"{&quot;background_background&quot;:&quot;classic&quot;}\">\n\t\t\t\t\t<div class=\"e-con-inner\">\n\t\t<div class=\"elementor-element elementor-element-13343de2 e-con-full e-flex e-con e-child\" data-id=\"13343de2\" data-element_type=\"container\" data-e-type=\"container\">\n\t\t\t\t<div class=\"elementor-element elementor-element-3b239f6c elementor-invisible elementor-widget elementor-widget-heading\" data-id=\"3b239f6c\" data-element_type=\"widget\" data-e-type=\"widget\" data-settings=\"{&quot;_animation&quot;:&quot;fadeIn&quot;}\" data-widget_type=\"heading.default\">\n\t\t\t\t<div class=\"elementor-widget-container\">\n\t\t\t\t\t<h1 class=\"elementor-heading-title elementor-size-default\">Avviso legale<\/h1>\t\t\t\t<\/div>\n\t\t\t\t<\/div>\n\t\t\t\t<\/div>\n\t\t\t\t\t<\/div>\n\t\t\t\t<\/div>\n\t\t<div class=\"elementor-element elementor-element-3256de8 e-flex e-con-boxed e-con e-parent\" data-id=\"3256de8\" data-element_type=\"container\" data-e-type=\"container\">\n\t\t\t\t\t<div class=\"e-con-inner\">\n\t\t\t\t<div class=\"elementor-element elementor-element-43ab2a3 legales elementor-widget elementor-widget-text-editor\" data-id=\"43ab2a3\" data-element_type=\"widget\" data-e-type=\"widget\" data-widget_type=\"text-editor.default\">\n\t\t\t\t<div class=\"elementor-widget-container\">\n\t\t\t\t\t\t\t\t\tDi seguito vi offriamo tutte le informazioni relative alle norme e alla legislazione applicabili al presente sito web del GRUPPO VELORA.\n<ul>\n \t<li><a href=\"#titularyfinalidades\"><strong>Titolare e finalit\u00e0:<\/strong><\/a>\nresponsabile del sito web e relative finalit\u00e0.<\/li>\n \t<li><a href=\"#condicionesdeuso\"><strong>Condizioni d\u2019uso per utenti e clienti:<\/strong><\/a>\ncome deve essere utilizzato il nostro sito web da utenti e clienti.<\/li>\n \t<li><a href=\"#exclusiones\"><strong>Esclusioni di responsabilit\u00e0:<\/strong><\/a>\ncasi in cui non possiamo rispondere del funzionamento o dell\u2019inattivit\u00e0 del nostro sito web.<\/li>\n \t<li><a href=\"#politicadeenlaces\"><strong>Politica dei link:<\/strong><\/a>\na quali siti rimanda il nostro sito e chi pu\u00f2 inserire link al nostro sito web.<\/li>\n \t<li><a href=\"#propiedadintelectual\"><strong>Propriet\u00e0 intellettuale:<\/strong><\/a>\ndiritti sui contenuti del nostro sito web.<\/li>\n \t<li><a href=\"https:\/\/cunext.com\/politica-de-privacidad\"><strong>Informativa sulla privacy:<\/strong><\/a>\ninformazioni sul trattamento dei dati personali, diritti applicabili, principi di trattamento e sicurezza.<\/li>\n \t<li><a href=\"https:\/\/cunext.com\/politica-de-cookies\"><strong>Informativa sui cookie:<\/strong><\/a>\nstrumenti di tracciamento durante la visita del nostro sito web, informazioni e possibilit\u00e0 di blocco e relative conseguenze.<\/li>\n \t<li><a href=\"#legislacion\"><strong>Legislazione applicabile:<\/strong><\/a>\nnormativa applicabile al presente avviso legale.<\/li>\n<\/ul>\nQualsiasi dubbio, suggerimento o richiesta sull\u2019uso di questo sito web sar\u00e0 gestito tramite l\u2019indirizzo email\n<a href=\"mailto:infocunext@cunext.com\">info@cunext.com<\/a>\n\n<div>\n<h3>1. Titolare e finalit\u00e0<\/h3>\nVELORA INVESTA, SL gestisce il presente sito web velorainvesta.com per:\n<ul>\n \t<li>Fornire informazioni sulla responsabilit\u00e0 sociale d\u2019impresa (RSI) del gruppo aziendale.<\/li>\n \t<li>Mostrare informazioni sul nostro gruppo aziendale e sul suo funzionamento, evidenziando le certificazioni di garanzia.<\/li>\n \t<li>Presentare i prodotti che realizziamo e fungere da canale di comunicazione con i clienti.<\/li>\n \t<li>Informare sulla <a href=\"https:\/\/cunext.com\/politicia-de-privacidad\">politica sulla privacy<\/a> applicabile al trattamento dei dati personali da noi effettuato.<\/li>\n<\/ul>\n<\/div>\n\n<div>\n<h3>2. Condizioni d\u2019uso per utenti e clienti<\/h3>\nL\u2019accesso a questo sito web \u00e8 gratuito per qualsiasi utente e per i clienti delle societ\u00e0 che compongono il GRUPPO VELORA e comporta l\u2019accettazione delle presenti condizioni d\u2019uso.\n\nI clienti delle societ\u00e0 che compongono il GRUPPO VELORA possono richiedere le proprie credenziali per accedere all\u2019area riservata del sito web, impegnandosi a utilizzare la password in modo diligente e riservato. Ci riserviamo il diritto di negare o revocare, senza preavviso, l\u2019accesso a chi non rispetti le presenti condizioni d\u2019uso.\n\nTutti gli utenti e clienti sono tenuti a un uso corretto e lecito del nostro sito web, astenendosi dal provocare danni o dall\u2019introdurre o diffondere virus o qualsiasi sistema che possa causare danni.\n\n<\/div>\n\n<div>\n<h3>3. Esclusioni di responsabilit\u00e0<\/h3>\nCi riserviamo il diritto di apportare le modifiche che riteniamo opportune a questo sito web, potendo cambiare, eliminare o aggiungere contenuti o prodotti presenti, cos\u00ec come la loro modalit\u00e0 di presentazione o localizzazione.\n\nNon possiamo essere ritenuti responsabili per l\u2019indisponibilit\u00e0 del sito web dovuta a cause esterne (problemi tecnici della rete, dei fornitori di servizi di telecomunicazione, guasti alle apparecchiature e altre circostanze imprevedibili come riparazioni, manutenzione e aggiornamenti software). Allo stesso modo, non possiamo essere responsabili per connessioni errate o difettose dovute al malfunzionamento del browser utilizzato dall\u2019utente o all\u2019uso di versioni non aggiornate dello stesso, n\u00e9 possiamo garantire che il nostro sito web sia compatibile con tutti gli hardware o software utilizzati dall\u2019utente o cliente.\n\n<\/div>\n\n<div>\n<h3>4. Politica dei link<\/h3>\nIl nostro sito web contiene link ai profili social di VELORA INVESTA, SL e alla localizzazione su Google Maps di ciascuna delle societ\u00e0 del gruppo aziendale.\n\nPer poter inserire un link al nostro sito web \u00e8 necessario richiedere espressa autorizzazione a VELORA INVESTA, SL, che si riserva in ogni caso il diritto di vietarlo o limitarlo.\n\n<\/div>\n\n<div>\n<h3>5. Propriet\u00e0 intellettuale<\/h3>\nIl nome del dominio \u00e8 di propriet\u00e0 di VELORA INVESTA, SL e il suo uso esclusivo \u00e8 riservato al GRUPPO VELORA. Inoltre, \u00e8 titolare di tutti i diritti di propriet\u00e0 intellettuale del sito web, di tutti i suoi contenuti (testi, loghi, segni, marchi, nomi commerciali, disegni industriali, grafica e design, o qualsiasi altro segno suscettibile di utilizzo industriale e commerciale) nonch\u00e9 del codice sorgente e del design grafico del sito web.\n\nSono espressamente vietate la riproduzione, distribuzione e comunicazione pubblica, totale o parziale, dei contenuti di questo sito web con qualsiasi mezzo e su qualsiasi supporto senza la nostra autorizzazione.\n\n<\/div>\n\n<div>\n<h3>6. Legislazione applicabile<\/h3>\nLa legge applicabile in caso di controversia o conflitto di interpretazione dei termini che compongono il presente avviso legale sar\u00e0 la legge spagnola.\n\n<\/div>\t\t\t\t\t\t\t\t<\/div>\n\t\t\t\t<\/div>\n\t\t\t\t\t<\/div>\n\t\t\t\t<\/div>\n\t\t\t\t<\/div>\n\t\t","protected":false},"excerpt":{"rendered":"<p>Avviso legale Di seguito vi offriamo tutte le informazioni relative alle norme e alla legislazione applicabili al presente sito web del GRUPPO VELORA. Titolare e finalit\u00e0: responsabile del sito web e relative finalit\u00e0. Condizioni d\u2019uso per utenti e clienti: come deve essere utilizzato il nostro sito web da utenti e clienti. Esclusioni di responsabilit\u00e0: casi [&hellip;]<\/p>\n","protected":false},"author":3,"featured_media":0,"parent":0,"menu_order":0,"comment_status":"closed","ping_status":"closed","template":"elementor_header_footer","meta":{"footnotes":""},"class_list":["post-3492","page","type-page","status-publish","hentry"],"yoast_head":"<!-- This site is optimized with the Yoast SEO plugin v27.3 - https:\/\/yoast.com\/product\/yoast-seo-wordpress\/ -->\n<title>Avviso legale - Velora<\/title>\n<meta name=\"robots\" content=\"noindex, nofollow\" \/>\n<meta property=\"og:locale\" content=\"it_IT\" \/>\n<meta property=\"og:type\" content=\"article\" \/>\n<meta property=\"og:title\" content=\"Avviso legale - Velora\" \/>\n<meta property=\"og:description\" content=\"Avviso legale Di seguito vi offriamo tutte le informazioni relative alle norme e alla legislazione applicabili al presente sito web del GRUPPO VELORA. Titolare e finalit\u00e0: responsabile del sito web e relative finalit\u00e0. Condizioni d\u2019uso per utenti e clienti: come deve essere utilizzato il nostro sito web da utenti e clienti. Esclusioni di responsabilit\u00e0: casi [&hellip;]\" \/>\n<meta property=\"og:url\" content=\"https:\/\/velorainvesta.com\/it\/avviso-legale\/\" \/>\n<meta property=\"og:site_name\" content=\"Velora\" \/>\n<meta property=\"article:modified_time\" content=\"2026-03-18T10:00:43+00:00\" \/>\n<meta name=\"twitter:card\" content=\"summary_large_image\" \/>\n<meta name=\"twitter:label1\" content=\"Tempo di lettura stimato\" \/>\n\t<meta name=\"twitter:data1\" content=\"4 minuti\" \/>\n<script type=\"application\/ld+json\" class=\"yoast-schema-graph\">{\"@context\":\"https:\\\/\\\/schema.org\",\"@graph\":[{\"@type\":\"WebPage\",\"@id\":\"https:\\\/\\\/velorainvesta.com\\\/it\\\/avviso-legale\\\/\",\"url\":\"https:\\\/\\\/velorainvesta.com\\\/it\\\/avviso-legale\\\/\",\"name\":\"Avviso legale - Velora\",\"isPartOf\":{\"@id\":\"https:\\\/\\\/velorainvesta.com\\\/it\\\/#website\"},\"datePublished\":\"2026-01-27T10:25:25+00:00\",\"dateModified\":\"2026-03-18T10:00:43+00:00\",\"breadcrumb\":{\"@id\":\"https:\\\/\\\/velorainvesta.com\\\/it\\\/avviso-legale\\\/#breadcrumb\"},\"inLanguage\":\"it-IT\",\"potentialAction\":[{\"@type\":\"ReadAction\",\"target\":[\"https:\\\/\\\/velorainvesta.com\\\/it\\\/avviso-legale\\\/\"]}]},{\"@type\":\"BreadcrumbList\",\"@id\":\"https:\\\/\\\/velorainvesta.com\\\/it\\\/avviso-legale\\\/#breadcrumb\",\"itemListElement\":[{\"@type\":\"ListItem\",\"position\":1,\"name\":\"Portada\",\"item\":\"https:\\\/\\\/velorainvesta.com\\\/it\\\/\"},{\"@type\":\"ListItem\",\"position\":2,\"name\":\"Avviso legale\"}]},{\"@type\":\"WebSite\",\"@id\":\"https:\\\/\\\/velorainvesta.com\\\/it\\\/#website\",\"url\":\"https:\\\/\\\/velorainvesta.com\\\/it\\\/\",\"name\":\"Velora Investa\",\"description\":\"Grupo industrial que opera en cadena de la energ\u00eda\",\"publisher\":{\"@id\":\"https:\\\/\\\/velorainvesta.com\\\/it\\\/#organization\"},\"potentialAction\":[{\"@type\":\"SearchAction\",\"target\":{\"@type\":\"EntryPoint\",\"urlTemplate\":\"https:\\\/\\\/velorainvesta.com\\\/it\\\/?s={search_term_string}\"},\"query-input\":{\"@type\":\"PropertyValueSpecification\",\"valueRequired\":true,\"valueName\":\"search_term_string\"}}],\"inLanguage\":\"it-IT\"},{\"@type\":\"Organization\",\"@id\":\"https:\\\/\\\/velorainvesta.com\\\/it\\\/#organization\",\"name\":\"Velora Investa\",\"url\":\"https:\\\/\\\/velorainvesta.com\\\/it\\\/\",\"logo\":{\"@type\":\"ImageObject\",\"inLanguage\":\"it-IT\",\"@id\":\"https:\\\/\\\/velorainvesta.com\\\/it\\\/#\\\/schema\\\/logo\\\/image\\\/\",\"url\":\"https:\\\/\\\/velorainvesta.com\\\/wp-content\\\/uploads\\\/2026\\\/01\\\/Logo-Velora-01.png\",\"contentUrl\":\"https:\\\/\\\/velorainvesta.com\\\/wp-content\\\/uploads\\\/2026\\\/01\\\/Logo-Velora-01.png\",\"width\":1250,\"height\":1250,\"caption\":\"Velora Investa\"},\"image\":{\"@id\":\"https:\\\/\\\/velorainvesta.com\\\/it\\\/#\\\/schema\\\/logo\\\/image\\\/\"}}]}<\/script>\n<!-- \/ Yoast SEO plugin. -->","yoast_head_json":{"title":"Avviso legale - Velora","robots":{"index":"noindex","follow":"nofollow"},"og_locale":"it_IT","og_type":"article","og_title":"Avviso legale - Velora","og_description":"Avviso legale Di seguito vi offriamo tutte le informazioni relative alle norme e alla legislazione applicabili al presente sito web del GRUPPO VELORA. Titolare e finalit\u00e0: responsabile del sito web e relative finalit\u00e0. Condizioni d\u2019uso per utenti e clienti: come deve essere utilizzato il nostro sito web da utenti e clienti. Esclusioni di responsabilit\u00e0: casi [&hellip;]","og_url":"https:\/\/velorainvesta.com\/it\/avviso-legale\/","og_site_name":"Velora","article_modified_time":"2026-03-18T10:00:43+00:00","twitter_card":"summary_large_image","twitter_misc":{"Tempo di lettura stimato":"4 minuti"},"schema":{"@context":"https:\/\/schema.org","@graph":[{"@type":"WebPage","@id":"https:\/\/velorainvesta.com\/it\/avviso-legale\/","url":"https:\/\/velorainvesta.com\/it\/avviso-legale\/","name":"Avviso legale - Velora","isPartOf":{"@id":"https:\/\/velorainvesta.com\/it\/#website"},"datePublished":"2026-01-27T10:25:25+00:00","dateModified":"2026-03-18T10:00:43+00:00","breadcrumb":{"@id":"https:\/\/velorainvesta.com\/it\/avviso-legale\/#breadcrumb"},"inLanguage":"it-IT","potentialAction":[{"@type":"ReadAction","target":["https:\/\/velorainvesta.com\/it\/avviso-legale\/"]}]},{"@type":"BreadcrumbList","@id":"https:\/\/velorainvesta.com\/it\/avviso-legale\/#breadcrumb","itemListElement":[{"@type":"ListItem","position":1,"name":"Portada","item":"https:\/\/velorainvesta.com\/it\/"},{"@type":"ListItem","position":2,"name":"Avviso legale"}]},{"@type":"WebSite","@id":"https:\/\/velorainvesta.com\/it\/#website","url":"https:\/\/velorainvesta.com\/it\/","name":"Velora Investa","description":"Grupo industrial que opera en cadena de la energ\u00eda","publisher":{"@id":"https:\/\/velorainvesta.com\/it\/#organization"},"potentialAction":[{"@type":"SearchAction","target":{"@type":"EntryPoint","urlTemplate":"https:\/\/velorainvesta.com\/it\/?s={search_term_string}"},"query-input":{"@type":"PropertyValueSpecification","valueRequired":true,"valueName":"search_term_string"}}],"inLanguage":"it-IT"},{"@type":"Organization","@id":"https:\/\/velorainvesta.com\/it\/#organization","name":"Velora Investa","url":"https:\/\/velorainvesta.com\/it\/","logo":{"@type":"ImageObject","inLanguage":"it-IT","@id":"https:\/\/velorainvesta.com\/it\/#\/schema\/logo\/image\/","url":"https:\/\/velorainvesta.com\/wp-content\/uploads\/2026\/01\/Logo-Velora-01.png","contentUrl":"https:\/\/velorainvesta.com\/wp-content\/uploads\/2026\/01\/Logo-Velora-01.png","width":1250,"height":1250,"caption":"Velora Investa"},"image":{"@id":"https:\/\/velorainvesta.com\/it\/#\/schema\/logo\/image\/"}}]}},"_links":{"self":[{"href":"https:\/\/velorainvesta.com\/it\/wp-json\/wp\/v2\/pages\/3492","targetHints":{"allow":["GET"]}}],"collection":[{"href":"https:\/\/velorainvesta.com\/it\/wp-json\/wp\/v2\/pages"}],"about":[{"href":"https:\/\/velorainvesta.com\/it\/wp-json\/wp\/v2\/types\/page"}],"author":[{"embeddable":true,"href":"https:\/\/velorainvesta.com\/it\/wp-json\/wp\/v2\/users\/3"}],"replies":[{"embeddable":true,"href":"https:\/\/velorainvesta.com\/it\/wp-json\/wp\/v2\/comments?post=3492"}],"version-history":[{"count":4,"href":"https:\/\/velorainvesta.com\/it\/wp-json\/wp\/v2\/pages\/3492\/revisions"}],"predecessor-version":[{"id":3505,"href":"https:\/\/velorainvesta.com\/it\/wp-json\/wp\/v2\/pages\/3492\/revisions\/3505"}],"wp:attachment":[{"href":"https:\/\/velorainvesta.com\/it\/wp-json\/wp\/v2\/media?parent=3492"}],"curies":[{"name":"wp","href":"https:\/\/api.w.org\/{rel}","templated":true}]}}