{"id":3491,"date":"2026-01-27T10:37:15","date_gmt":"2026-01-27T09:37:15","guid":{"rendered":"https:\/\/velorainvesta.com\/politica-de-privacidad\/"},"modified":"2026-03-18T12:29:05","modified_gmt":"2026-03-18T11:29:05","slug":"informativa-sulla-privacy","status":"publish","type":"page","link":"https:\/\/velorainvesta.com\/it\/informativa-sulla-privacy\/","title":{"rendered":"Informativa sulla privacy"},"content":{"rendered":"\t\t<div data-elementor-type=\"wp-page\" data-elementor-id=\"3491\" class=\"elementor elementor-3491 elementor-380\" data-elementor-post-type=\"page\">\n\t\t\t\t<div class=\"elementor-element elementor-element-30858f97 e-flex e-con-boxed e-con e-parent\" data-id=\"30858f97\" data-element_type=\"container\" data-e-type=\"container\" data-settings=\"{&quot;background_background&quot;:&quot;classic&quot;}\">\n\t\t\t\t\t<div class=\"e-con-inner\">\n\t\t<div class=\"elementor-element elementor-element-13343de2 e-con-full e-flex e-con e-child\" data-id=\"13343de2\" data-element_type=\"container\" data-e-type=\"container\">\n\t\t\t\t<div class=\"elementor-element elementor-element-3b239f6c elementor-invisible elementor-widget elementor-widget-heading\" data-id=\"3b239f6c\" data-element_type=\"widget\" data-e-type=\"widget\" data-settings=\"{&quot;_animation&quot;:&quot;fadeIn&quot;}\" data-widget_type=\"heading.default\">\n\t\t\t\t<div class=\"elementor-widget-container\">\n\t\t\t\t\t<h1 class=\"elementor-heading-title elementor-size-default\">Informativa sulla privacy<\/h1>\t\t\t\t<\/div>\n\t\t\t\t<\/div>\n\t\t\t\t<\/div>\n\t\t\t\t\t<\/div>\n\t\t\t\t<\/div>\n\t\t<div class=\"elementor-element elementor-element-3256de8 legales e-flex e-con-boxed e-con e-parent\" data-id=\"3256de8\" data-element_type=\"container\" data-e-type=\"container\">\n\t\t\t\t\t<div class=\"e-con-inner\">\n\t\t\t\t<div class=\"elementor-element elementor-element-43ab2a3 legales elementor-widget elementor-widget-text-editor\" data-id=\"43ab2a3\" data-element_type=\"widget\" data-e-type=\"widget\" data-widget_type=\"text-editor.default\">\n\t\t\t\t<div class=\"elementor-widget-container\">\n\t\t\t\t\t\t\t\t\tLa sua privacy \u00e8 importante per Grupo Cunext, pertanto ci impegniamo a trattare i suoi dati personali in modo adeguato e responsabile,\nosservando in ogni momento i principi di protezione dei dati e rispettando pienamente la normativa vigente\n(Regolamento UE 2016\/679 del Parlamento Europeo e del Consiglio, del 27 aprile 2016, relativo alla protezione delle persone fisiche\ncon riguardo al trattamento dei dati personali e alla libera circolazione di tali dati -GDPR- e Legge Organica 3\/2018, del 5 dicembre,\nsulla protezione dei dati personali e garanzia dei diritti digitali -LOPD-).\n\nNel presente avviso sulla privacy la informiamo dettagliatamente su chi \u00e8 il titolare del trattamento dei suoi dati personali, per quali finalit\u00e0 e per quali motivi\nvengono utilizzati, per quanto tempo vengono conservati e se saranno oggetto di comunicazione o cessione.\n\nAffinch\u00e9 lei possa avere un controllo totale sui suoi dati personali, le indichiamo a chi e come pu\u00f2 esercitare i suoi diritti.\n\n<h3>Titolare del trattamento<\/h3>\nAssumer\u00e0 la qualifica di titolare del trattamento la societ\u00e0 appartenente al Grupo Cunext con cui abbia svolto una delle attivit\u00e0\noggetto di trattamento definite nel presente avviso sulla privacy, le cui informazioni dettagliate sono riportate di seguito: <br><br>\n\n<a href=\"https:\/\/cunext.com\/wp-content\/uploads\/2023\/06\/Anexo-AVISO-DE-PRIVACIDAD.pdf\" target=\"_blank\" rel=\"noopener\">\n<span class=\"titulo-pdf\">Attivit\u00e0 di trattamento<\/span>\n<\/a><br>\n\n&nbsp;\n\n<h4>1. Contatti commerciali<\/h4>\n<ul>\n \t<li style=\"list-style-type: none;\">\n<ul>\n \t<li><strong>Finalit\u00e0:<\/strong> Scambio di comunicazioni nell\u2019ambito dell\u2019attivit\u00e0 commerciale tra le diverse societ\u00e0 del Grupo Cunext e i loro clienti o fornitori.<\/li>\n \t<li><strong>Base giuridica:<\/strong> Interesse legittimo (articolo 6.1, lettera f), del GDPR e articolo 19 della LOPD).<\/li>\n \t<li><strong>Periodo di conservazione:<\/strong> Termine di prescrizione degli obblighi relativi alle prestazioni derivanti dai rapporti commerciali e\/o mercantili intrattenuti.<\/li>\n \t<li><strong>Destinatari:<\/strong> Non \u00e8 prevista alcuna comunicazione o cessione.<\/li>\n<\/ul>\n<\/li>\n<\/ul>\n\n<h4>2. Comunicazioni effettuate tramite il Canale Etico<\/h4>\n<ul>\n \t<li style=\"list-style-type: none;\">\n<ul>\n \t<li><strong>Finalit\u00e0:<\/strong> Gestione, trattamento e indagine delle comunicazioni inviate tramite il Canale Etico, nonch\u00e9, se del caso, adozione di misure disciplinari o avvio dei procedimenti giudiziari derivanti.<\/li>\n \t<li><strong>Base giuridica:<\/strong> Necessit\u00e0 del trattamento per adempiere a obblighi legali applicabili al titolare del trattamento (articolo 6.1, lettera c), del GDPR, in relazione all\u2019obbligo legale di istituire un canale di segnalazione ai sensi dell\u2019articolo 10 della Legge 2\/2023). Nel caso in cui sia necessario trattare categorie particolari di dati, la base giuridica \u00e8 la necessit\u00e0 del trattamento per motivi di interesse pubblico rilevante (articolo 9.2, lettera g), del GDPR).<\/li>\n \t<li><strong>Periodo di conservazione:<\/strong> Il tempo strettamente necessario per decidere sull\u2019opportunit\u00e0 di avviare un\u2019indagine sui fatti segnalati e, in ogni caso, entro un termine massimo di tre (3) mesi dalla ricezione della comunicazione senza che siano state avviate indagini. In caso di avvio di indagini che possano comportare azioni legali, sar\u00e0 applicato il termine di prescrizione previsto dalla legge.<\/li>\n \t<li><strong>Destinatari:<\/strong> Se del caso, i dati saranno comunicati all\u2019Autorit\u00e0 giudiziaria, al Pubblico Ministero o all\u2019autorit\u00e0 amministrativa competente nell\u2019ambito di un\u2019indagine penale, disciplinare o sanzionatoria.<\/li>\n<\/ul>\n<\/li>\n<\/ul>\n\n<h4>3. Controllo degli accessi alle strutture<\/h4>\n<ul>\n \t<li style=\"list-style-type: none;\">\n<ul>\n \t<li><strong>Finalit\u00e0:<\/strong> Identificare le persone che accedono alle strutture e monitorarne la permanenza.<\/li>\n \t<li><strong>Base giuridica:<\/strong> Interesse legittimo (articolo 6.1, lettera f), del GDPR).<\/li>\n \t<li><strong>Periodo di conservazione:<\/strong> Termine di prescrizione dei possibili reati lievi o gravi che possano essere commessi.<\/li>\n \t<li><strong>Destinatari:<\/strong> Non previsti, salvo in caso di incidenti di sicurezza, che saranno eventualmente comunicati alle forze dell\u2019ordine.<\/li>\n<\/ul>\n<\/li>\n<\/ul>\n\n<h4>4. Videosorveglianza<\/h4>\n<ul>\n \t<li><strong>Finalit\u00e0:<\/strong> Sicurezza delle persone, dei beni e delle strutture.<\/li>\n \t<li><strong>Base giuridica:<\/strong> Interesse pubblico (articolo 6.1, lettera e), del GDPR e articolo 22 della LOPD).<\/li>\n \t<li><strong>Periodo di conservazione:<\/strong> Un (1) mese.<\/li>\n \t<li><strong>Destinatari:<\/strong> Non previsti, salvo in caso di incidenti di sicurezza, che saranno eventualmente comunicati alle forze dell\u2019ordine.<\/li>\n<\/ul>\n\nNon adottiamo decisioni automatizzate basate sui dati forniti n\u00e9 elaboriamo profili.\n\n&nbsp;\n\n<h3>Diritti<\/h3>\nHa il diritto di ottenere la conferma dell\u2019esistenza o meno di un trattamento di dati personali che la riguardano. Gli interessati hanno il diritto di accedere ai propri dati personali, nonch\u00e9 di richiedere la rettifica dei dati inesatti o, se del caso, la loro cancellazione, tra l\u2019altro quando i dati non sono pi\u00f9 necessari per le finalit\u00e0 per cui sono stati raccolti. In determinate circostanze (in caso di richiesta di rettifica, cancellazione, opposizione o limitazione prima della cancellazione) gli interessati hanno diritto alla limitazione del trattamento. Dispone inoltre del diritto alla portabilit\u00e0 dei dati.\n\nIn ogni caso, potr\u00e0 presentare un reclamo all\u2019Autorit\u00e0 Garante per la protezione dei dati personali (www.aepd.es).\n\nGli interessati possono esercitare i propri diritti o presentare richieste al nostro Responsabile della Protezione dei Dati tramite l\u2019indirizzo email\n<a href=\"mailto:dpd@cunext.com\">dpd@cunext.com<\/a>.\t\t\t\t\t\t\t\t<\/div>\n\t\t\t\t<\/div>\n\t\t\t\t\t<\/div>\n\t\t\t\t<\/div>\n\t\t\t\t<\/div>\n\t\t","protected":false},"excerpt":{"rendered":"<p>Informativa sulla privacy La sua privacy \u00e8 importante per Grupo Cunext, pertanto ci impegniamo a trattare i suoi dati personali in modo adeguato e responsabile, osservando in ogni momento i principi di protezione dei dati e rispettando pienamente la normativa vigente (Regolamento UE 2016\/679 del Parlamento Europeo e del Consiglio, del 27 aprile 2016, relativo [&hellip;]<\/p>\n","protected":false},"author":1,"featured_media":0,"parent":0,"menu_order":0,"comment_status":"closed","ping_status":"closed","template":"elementor_header_footer","meta":{"footnotes":""},"class_list":["post-3491","page","type-page","status-publish","hentry"],"yoast_head":"<!-- This site is optimized with the Yoast SEO plugin v27.3 - https:\/\/yoast.com\/product\/yoast-seo-wordpress\/ -->\n<title>Informativa sulla privacy - Velora<\/title>\n<meta name=\"robots\" content=\"noindex, nofollow\" \/>\n<meta property=\"og:locale\" content=\"it_IT\" \/>\n<meta property=\"og:type\" content=\"article\" \/>\n<meta property=\"og:title\" content=\"Informativa sulla privacy - Velora\" \/>\n<meta property=\"og:description\" content=\"Informativa sulla privacy La sua privacy \u00e8 importante per Grupo Cunext, pertanto ci impegniamo a trattare i suoi dati personali in modo adeguato e responsabile, osservando in ogni momento i principi di protezione dei dati e rispettando pienamente la normativa vigente (Regolamento UE 2016\/679 del Parlamento Europeo e del Consiglio, del 27 aprile 2016, relativo [&hellip;]\" \/>\n<meta property=\"og:url\" content=\"https:\/\/velorainvesta.com\/it\/informativa-sulla-privacy\/\" \/>\n<meta property=\"og:site_name\" content=\"Velora\" \/>\n<meta property=\"article:modified_time\" content=\"2026-03-18T11:29:05+00:00\" \/>\n<meta name=\"twitter:card\" content=\"summary_large_image\" \/>\n<meta name=\"twitter:label1\" content=\"Tempo di lettura stimato\" \/>\n\t<meta name=\"twitter:data1\" content=\"4 minuti\" \/>\n<script type=\"application\/ld+json\" class=\"yoast-schema-graph\">{\"@context\":\"https:\\\/\\\/schema.org\",\"@graph\":[{\"@type\":\"WebPage\",\"@id\":\"https:\\\/\\\/velorainvesta.com\\\/it\\\/informativa-sulla-privacy\\\/\",\"url\":\"https:\\\/\\\/velorainvesta.com\\\/it\\\/informativa-sulla-privacy\\\/\",\"name\":\"Informativa sulla privacy - Velora\",\"isPartOf\":{\"@id\":\"https:\\\/\\\/velorainvesta.com\\\/it\\\/#website\"},\"datePublished\":\"2026-01-27T09:37:15+00:00\",\"dateModified\":\"2026-03-18T11:29:05+00:00\",\"breadcrumb\":{\"@id\":\"https:\\\/\\\/velorainvesta.com\\\/it\\\/informativa-sulla-privacy\\\/#breadcrumb\"},\"inLanguage\":\"it-IT\",\"potentialAction\":[{\"@type\":\"ReadAction\",\"target\":[\"https:\\\/\\\/velorainvesta.com\\\/it\\\/informativa-sulla-privacy\\\/\"]}]},{\"@type\":\"BreadcrumbList\",\"@id\":\"https:\\\/\\\/velorainvesta.com\\\/it\\\/informativa-sulla-privacy\\\/#breadcrumb\",\"itemListElement\":[{\"@type\":\"ListItem\",\"position\":1,\"name\":\"Portada\",\"item\":\"https:\\\/\\\/velorainvesta.com\\\/it\\\/\"},{\"@type\":\"ListItem\",\"position\":2,\"name\":\"Informativa sulla privacy\"}]},{\"@type\":\"WebSite\",\"@id\":\"https:\\\/\\\/velorainvesta.com\\\/it\\\/#website\",\"url\":\"https:\\\/\\\/velorainvesta.com\\\/it\\\/\",\"name\":\"Velora Investa\",\"description\":\"Grupo industrial que opera en cadena de la energ\u00eda\",\"publisher\":{\"@id\":\"https:\\\/\\\/velorainvesta.com\\\/it\\\/#organization\"},\"potentialAction\":[{\"@type\":\"SearchAction\",\"target\":{\"@type\":\"EntryPoint\",\"urlTemplate\":\"https:\\\/\\\/velorainvesta.com\\\/it\\\/?s={search_term_string}\"},\"query-input\":{\"@type\":\"PropertyValueSpecification\",\"valueRequired\":true,\"valueName\":\"search_term_string\"}}],\"inLanguage\":\"it-IT\"},{\"@type\":\"Organization\",\"@id\":\"https:\\\/\\\/velorainvesta.com\\\/it\\\/#organization\",\"name\":\"Velora Investa\",\"url\":\"https:\\\/\\\/velorainvesta.com\\\/it\\\/\",\"logo\":{\"@type\":\"ImageObject\",\"inLanguage\":\"it-IT\",\"@id\":\"https:\\\/\\\/velorainvesta.com\\\/it\\\/#\\\/schema\\\/logo\\\/image\\\/\",\"url\":\"https:\\\/\\\/velorainvesta.com\\\/wp-content\\\/uploads\\\/2026\\\/01\\\/Logo-Velora-01.png\",\"contentUrl\":\"https:\\\/\\\/velorainvesta.com\\\/wp-content\\\/uploads\\\/2026\\\/01\\\/Logo-Velora-01.png\",\"width\":1250,\"height\":1250,\"caption\":\"Velora Investa\"},\"image\":{\"@id\":\"https:\\\/\\\/velorainvesta.com\\\/it\\\/#\\\/schema\\\/logo\\\/image\\\/\"}}]}<\/script>\n<!-- \/ Yoast SEO plugin. -->","yoast_head_json":{"title":"Informativa sulla privacy - Velora","robots":{"index":"noindex","follow":"nofollow"},"og_locale":"it_IT","og_type":"article","og_title":"Informativa sulla privacy - Velora","og_description":"Informativa sulla privacy La sua privacy \u00e8 importante per Grupo Cunext, pertanto ci impegniamo a trattare i suoi dati personali in modo adeguato e responsabile, osservando in ogni momento i principi di protezione dei dati e rispettando pienamente la normativa vigente (Regolamento UE 2016\/679 del Parlamento Europeo e del Consiglio, del 27 aprile 2016, relativo [&hellip;]","og_url":"https:\/\/velorainvesta.com\/it\/informativa-sulla-privacy\/","og_site_name":"Velora","article_modified_time":"2026-03-18T11:29:05+00:00","twitter_card":"summary_large_image","twitter_misc":{"Tempo di lettura stimato":"4 minuti"},"schema":{"@context":"https:\/\/schema.org","@graph":[{"@type":"WebPage","@id":"https:\/\/velorainvesta.com\/it\/informativa-sulla-privacy\/","url":"https:\/\/velorainvesta.com\/it\/informativa-sulla-privacy\/","name":"Informativa sulla privacy - Velora","isPartOf":{"@id":"https:\/\/velorainvesta.com\/it\/#website"},"datePublished":"2026-01-27T09:37:15+00:00","dateModified":"2026-03-18T11:29:05+00:00","breadcrumb":{"@id":"https:\/\/velorainvesta.com\/it\/informativa-sulla-privacy\/#breadcrumb"},"inLanguage":"it-IT","potentialAction":[{"@type":"ReadAction","target":["https:\/\/velorainvesta.com\/it\/informativa-sulla-privacy\/"]}]},{"@type":"BreadcrumbList","@id":"https:\/\/velorainvesta.com\/it\/informativa-sulla-privacy\/#breadcrumb","itemListElement":[{"@type":"ListItem","position":1,"name":"Portada","item":"https:\/\/velorainvesta.com\/it\/"},{"@type":"ListItem","position":2,"name":"Informativa sulla privacy"}]},{"@type":"WebSite","@id":"https:\/\/velorainvesta.com\/it\/#website","url":"https:\/\/velorainvesta.com\/it\/","name":"Velora Investa","description":"Grupo industrial que opera en cadena de la energ\u00eda","publisher":{"@id":"https:\/\/velorainvesta.com\/it\/#organization"},"potentialAction":[{"@type":"SearchAction","target":{"@type":"EntryPoint","urlTemplate":"https:\/\/velorainvesta.com\/it\/?s={search_term_string}"},"query-input":{"@type":"PropertyValueSpecification","valueRequired":true,"valueName":"search_term_string"}}],"inLanguage":"it-IT"},{"@type":"Organization","@id":"https:\/\/velorainvesta.com\/it\/#organization","name":"Velora Investa","url":"https:\/\/velorainvesta.com\/it\/","logo":{"@type":"ImageObject","inLanguage":"it-IT","@id":"https:\/\/velorainvesta.com\/it\/#\/schema\/logo\/image\/","url":"https:\/\/velorainvesta.com\/wp-content\/uploads\/2026\/01\/Logo-Velora-01.png","contentUrl":"https:\/\/velorainvesta.com\/wp-content\/uploads\/2026\/01\/Logo-Velora-01.png","width":1250,"height":1250,"caption":"Velora Investa"},"image":{"@id":"https:\/\/velorainvesta.com\/it\/#\/schema\/logo\/image\/"}}]}},"_links":{"self":[{"href":"https:\/\/velorainvesta.com\/it\/wp-json\/wp\/v2\/pages\/3491","targetHints":{"allow":["GET"]}}],"collection":[{"href":"https:\/\/velorainvesta.com\/it\/wp-json\/wp\/v2\/pages"}],"about":[{"href":"https:\/\/velorainvesta.com\/it\/wp-json\/wp\/v2\/types\/page"}],"author":[{"embeddable":true,"href":"https:\/\/velorainvesta.com\/it\/wp-json\/wp\/v2\/users\/1"}],"replies":[{"embeddable":true,"href":"https:\/\/velorainvesta.com\/it\/wp-json\/wp\/v2\/comments?post=3491"}],"version-history":[{"count":5,"href":"https:\/\/velorainvesta.com\/it\/wp-json\/wp\/v2\/pages\/3491\/revisions"}],"predecessor-version":[{"id":3685,"href":"https:\/\/velorainvesta.com\/it\/wp-json\/wp\/v2\/pages\/3491\/revisions\/3685"}],"wp:attachment":[{"href":"https:\/\/velorainvesta.com\/it\/wp-json\/wp\/v2\/media?parent=3491"}],"curies":[{"name":"wp","href":"https:\/\/api.w.org\/{rel}","templated":true}]}}