{"id":3230,"date":"2026-01-27T10:37:15","date_gmt":"2026-01-27T09:37:15","guid":{"rendered":"https:\/\/velorainvesta.com\/politica-de-privacidad\/"},"modified":"2026-03-18T08:20:21","modified_gmt":"2026-03-18T07:20:21","slug":"politique-de-confidentialite","status":"publish","type":"page","link":"https:\/\/velorainvesta.com\/fr\/politique-de-confidentialite\/","title":{"rendered":"Politique de confidentialit\u00e9"},"content":{"rendered":"\t\t<div data-elementor-type=\"wp-page\" data-elementor-id=\"3230\" class=\"elementor elementor-3230 elementor-380\" data-elementor-post-type=\"page\">\n\t\t\t\t<div class=\"elementor-element elementor-element-30858f97 e-flex e-con-boxed e-con e-parent\" data-id=\"30858f97\" data-element_type=\"container\" data-e-type=\"container\" data-settings=\"{&quot;background_background&quot;:&quot;classic&quot;}\">\n\t\t\t\t\t<div class=\"e-con-inner\">\n\t\t<div class=\"elementor-element elementor-element-13343de2 e-con-full e-flex e-con e-child\" data-id=\"13343de2\" data-element_type=\"container\" data-e-type=\"container\">\n\t\t\t\t<div class=\"elementor-element elementor-element-3b239f6c elementor-invisible elementor-widget elementor-widget-heading\" data-id=\"3b239f6c\" data-element_type=\"widget\" data-e-type=\"widget\" data-settings=\"{&quot;_animation&quot;:&quot;fadeIn&quot;}\" data-widget_type=\"heading.default\">\n\t\t\t\t<div class=\"elementor-widget-container\">\n\t\t\t\t\t<h1 class=\"elementor-heading-title elementor-size-default\">Politique de confidentialit\u00e9\n<\/h1>\t\t\t\t<\/div>\n\t\t\t\t<\/div>\n\t\t\t\t<\/div>\n\t\t\t\t\t<\/div>\n\t\t\t\t<\/div>\n\t\t<div class=\"elementor-element elementor-element-3256de8 legales e-flex e-con-boxed e-con e-parent\" data-id=\"3256de8\" data-element_type=\"container\" data-e-type=\"container\">\n\t\t\t\t\t<div class=\"e-con-inner\">\n\t\t\t\t<div class=\"elementor-element elementor-element-43ab2a3 legales elementor-widget elementor-widget-text-editor\" data-id=\"43ab2a3\" data-element_type=\"widget\" data-e-type=\"widget\" data-widget_type=\"text-editor.default\">\n\t\t\t\t<div class=\"elementor-widget-container\">\n\t\t\t\t\t\t\t\t\tVotre vie priv\u00e9e est importante pour le Groupe Cunext. Nous nous engageons donc \u00e0 traiter vos donn\u00e9es personnelles de mani\u00e8re appropri\u00e9e et responsable, en respectant \u00e0 tout moment les principes de protection des donn\u00e9es et en nous conformant strictement \u00e0 la l\u00e9gislation en vigueur (R\u00e8glement (UE) 2016\/679 du Parlement europ\u00e9en et du Conseil du 27 avril 2016 relatif \u00e0 la protection des personnes physiques \u00e0 l\u2019\u00e9gard du traitement des donn\u00e9es \u00e0 caract\u00e8re personnel et \u00e0 la libre circulation de ces donn\u00e9es -RGPD-, ainsi que la Loi organique 3\/2018 du 5 d\u00e9cembre relative \u00e0 la protection des donn\u00e9es personnelles et \u00e0 la garantie des droits num\u00e9riques -LOPD-).\n\nDans cet avis de confidentialit\u00e9, nous vous informons en d\u00e9tail de l\u2019identit\u00e9 du responsable du traitement de vos donn\u00e9es personnelles, des finalit\u00e9s et des raisons de leur utilisation, de la dur\u00e9e de leur conservation, ainsi que de leur \u00e9ventuelle communication ou cession.\n\nAfin que vous disposiez d\u2019un contr\u00f4le total sur vos donn\u00e9es personnelles, nous vous indiquons \u00e9galement aupr\u00e8s de qui et comment vous pouvez exercer vos droits.\n\n<h3>Responsable du traitement<\/h3> Est consid\u00e9r\u00e9 comme responsable du traitement l\u2019entreprise appartenant au Groupe Cunext avec laquelle vous avez r\u00e9alis\u00e9 l\u2019une des activit\u00e9s de traitement d\u00e9finies dans le pr\u00e9sent avis de confidentialit\u00e9, dont les informations d\u00e9taill\u00e9es figurent ci-dessous : <a href=\"https:\/\/cunext.com\/wp-content\/uploads\/2023\/06\/Anexo-AVISO-DE-PRIVACIDAD.pdf\" target=\"_blank\" rel=\"noopener\"> <span class=\"titulo-pdf\"><br><br>Activit\u00e9s de traitement<\/span> <\/a><br><br> <h4>1. Contacts commerciaux<\/h4> <ul> <li style=\"list-style-type: none;\"> <ul> <li><strong>Finalit\u00e9 :<\/strong> \u00c9change de communications dans le cadre de l\u2019activit\u00e9 commerciale entre les diff\u00e9rentes entreprises du Groupe Cunext et leurs clients ou fournisseurs.<\/li> <li><strong>Base juridique :<\/strong> Int\u00e9r\u00eat l\u00e9gitime (article 6.1, paragraphe f), du RGPD et article 19 de la LOPD).<\/li> <li><strong>Dur\u00e9e de conservation :<\/strong> D\u00e9lai de prescription des obligations relatives aux prestations d\u00e9coulant des relations commerciales et\/ou contractuelles.<\/li> <li><strong>Destinataires :<\/strong> Aucune communication ou cession n\u2019est pr\u00e9vue.<\/li> <\/ul> <\/li> <\/ul> &nbsp; <h4>2. Communications effectu\u00e9es via le Canal \u00c9thique<\/h4> <ul> <li style=\"list-style-type: none;\"> <ul> <li><strong>Finalit\u00e9 :<\/strong> Gestion, traitement et enqu\u00eate des communications re\u00e7ues via le Canal \u00c9thique, ainsi que, le cas \u00e9ch\u00e9ant, adoption de mesures disciplinaires ou engagement de proc\u00e9dures judiciaires en d\u00e9coulant.<\/li> <li><strong>Base juridique :<\/strong> N\u00e9cessit\u00e9 du traitement pour le respect des obligations l\u00e9gales applicables au responsable du traitement (article 6.1, paragraphe c), du RGPD, en lien avec l\u2019obligation l\u00e9gale de mettre en place un canal de signalement conform\u00e9ment \u00e0 l\u2019article 10 de la Loi 2\/2023). En cas de traitement de cat\u00e9gories particuli\u00e8res de donn\u00e9es, la base juridique est la n\u00e9cessit\u00e9 du traitement pour des raisons d\u2019int\u00e9r\u00eat public important (article 9.2, paragraphe g), du RGPD).<\/li> <li><strong>Dur\u00e9e de conservation :<\/strong> Le temps strictement n\u00e9cessaire pour d\u00e9cider de l\u2019ouverture d\u2019une enqu\u00eate sur les faits signal\u00e9s et, en tout \u00e9tat de cause, un d\u00e9lai de trois (3) mois \u00e0 compter de la r\u00e9ception de la communication sans qu\u2019aucune action d\u2019enqu\u00eate n\u2019ait \u00e9t\u00e9 engag\u00e9e. En cas d\u2019ouverture d\u2019une enqu\u00eate pouvant entra\u00eener des actions en justice, le d\u00e9lai de prescription l\u00e9galement applicable s\u2019appliquera.<\/li> <li><strong>Destinataires :<\/strong> Le cas \u00e9ch\u00e9ant, communication aux autorit\u00e9s judiciaires, au minist\u00e8re public ou \u00e0 l\u2019autorit\u00e9 administrative comp\u00e9tente dans le cadre d\u2019une enqu\u00eate p\u00e9nale, disciplinaire ou administrative.<\/li> <\/ul> <\/li> <\/ul> &nbsp; <h4>3. Contr\u00f4le d\u2019acc\u00e8s aux installations<\/h4> <ul> <li style=\"list-style-type: none;\"> <ul> <li><strong>Finalit\u00e9 :<\/strong> Identifier les personnes acc\u00e9dant aux installations et assurer un contr\u00f4le pendant leur pr\u00e9sence.<\/li> <li><strong>Base juridique :<\/strong> Int\u00e9r\u00eat l\u00e9gitime (article 6.1, paragraphe f), du RGPD).<\/li> <li><strong>Dur\u00e9e de conservation :<\/strong> D\u00e9lai de prescription des infractions mineures ou graves susceptibles d\u2019\u00eatre commises.<\/li> <li><strong>Destinataires :<\/strong> Aucun, sauf en cas d\u2019incidents de s\u00e9curit\u00e9, qui seraient alors communiqu\u00e9s aux forces de l\u2019ordre.<\/li> <\/ul> <\/li> <\/ul> &nbsp; <h4>4. Vid\u00e9osurveillance<\/h4> <ul> <li><strong>Finalit\u00e9 :<\/strong> S\u00e9curit\u00e9 des personnes, des biens et des installations.<\/li> <li><strong>Base juridique :<\/strong> Int\u00e9r\u00eat public (article 6.1, paragraphe e), du RGPD et article 22 de la LOPD).<\/li> <li><strong>Dur\u00e9e de conservation :<\/strong> Un (1) mois.<\/li> <li><strong>Destinataires :<\/strong> Aucun, sauf en cas d\u2019incidents de s\u00e9curit\u00e9, qui seraient alors communiqu\u00e9s aux forces de l\u2019ordre.<\/li> <\/ul>\n<br>\nNous ne r\u00e9alisons aucune prise de d\u00e9cision automatis\u00e9e sur la base des donn\u00e9es fournies et n\u2019\u00e9tablissons aucun profil \u00e0 partir de celles-ci.\n\n<h3>Droits<\/h3> Vous avez le droit d\u2019obtenir la confirmation que des donn\u00e9es personnelles vous concernant sont ou ne sont pas trait\u00e9es. Les personnes concern\u00e9es ont le droit d\u2019acc\u00e9der \u00e0 leurs donn\u00e9es personnelles, ainsi que de demander la rectification des donn\u00e9es inexactes ou, le cas \u00e9ch\u00e9ant, leur suppression, notamment lorsque ces donn\u00e9es ne sont plus n\u00e9cessaires aux finalit\u00e9s pour lesquelles elles ont \u00e9t\u00e9 collect\u00e9es. Dans certaines circonstances (en cas de demande de rectification, de suppression, d\u2019opposition ou de limitation du traitement), les personnes concern\u00e9es ont le droit de limiter le traitement de leurs donn\u00e9es. Vous disposez \u00e9galement du droit \u00e0 la portabilit\u00e9 de vos donn\u00e9es.\n\nDans tous les cas, vous pouvez introduire une r\u00e9clamation aupr\u00e8s de l\u2019Agence espagnole de protection des donn\u00e9es (www.aepd.es\n).<br>\n\nLes personnes concern\u00e9es peuvent exercer leurs droits ou adresser leurs demandes \u00e0 notre D\u00e9l\u00e9gu\u00e9 \u00e0 la protection des donn\u00e9es \u00e0 l\u2019adresse \u00e9lectronique suivante :\n<a href=\"mailto:dpd@cunext.com\">dpd@cunext.com\n<\/a>.\t\t\t\t\t\t\t\t<\/div>\n\t\t\t\t<\/div>\n\t\t\t\t\t<\/div>\n\t\t\t\t<\/div>\n\t\t\t\t<\/div>\n\t\t","protected":false},"excerpt":{"rendered":"<p>Politique de confidentialit\u00e9 Votre vie priv\u00e9e est importante pour le Groupe Cunext. Nous nous engageons donc \u00e0 traiter vos donn\u00e9es personnelles de mani\u00e8re appropri\u00e9e et responsable, en respectant \u00e0 tout moment les principes de protection des donn\u00e9es et en nous conformant strictement \u00e0 la l\u00e9gislation en vigueur (R\u00e8glement (UE) 2016\/679 du Parlement europ\u00e9en et du [&hellip;]<\/p>\n","protected":false},"author":1,"featured_media":0,"parent":0,"menu_order":0,"comment_status":"closed","ping_status":"closed","template":"elementor_header_footer","meta":{"footnotes":""},"class_list":["post-3230","page","type-page","status-publish","hentry"],"yoast_head":"<!-- This site is optimized with the Yoast SEO plugin v27.3 - https:\/\/yoast.com\/product\/yoast-seo-wordpress\/ -->\n<title>Politique de confidentialit\u00e9 - Velora<\/title>\n<meta name=\"robots\" content=\"noindex, nofollow\" \/>\n<meta property=\"og:locale\" content=\"fr_FR\" \/>\n<meta property=\"og:type\" content=\"article\" \/>\n<meta property=\"og:title\" content=\"Politique de confidentialit\u00e9 - Velora\" \/>\n<meta property=\"og:description\" content=\"Politique de confidentialit\u00e9 Votre vie priv\u00e9e est importante pour le Groupe Cunext. Nous nous engageons donc \u00e0 traiter vos donn\u00e9es personnelles de mani\u00e8re appropri\u00e9e et responsable, en respectant \u00e0 tout moment les principes de protection des donn\u00e9es et en nous conformant strictement \u00e0 la l\u00e9gislation en vigueur (R\u00e8glement (UE) 2016\/679 du Parlement europ\u00e9en et du [&hellip;]\" \/>\n<meta property=\"og:url\" content=\"https:\/\/velorainvesta.com\/fr\/politique-de-confidentialite\/\" \/>\n<meta property=\"og:site_name\" content=\"Velora\" \/>\n<meta property=\"article:modified_time\" content=\"2026-03-18T07:20:21+00:00\" \/>\n<meta name=\"twitter:card\" content=\"summary_large_image\" \/>\n<meta name=\"twitter:label1\" content=\"Dur\u00e9e de lecture estim\u00e9e\" \/>\n\t<meta name=\"twitter:data1\" content=\"4 minutes\" \/>\n<script type=\"application\/ld+json\" class=\"yoast-schema-graph\">{\"@context\":\"https:\\\/\\\/schema.org\",\"@graph\":[{\"@type\":\"WebPage\",\"@id\":\"https:\\\/\\\/velorainvesta.com\\\/fr\\\/politique-de-confidentialite\\\/\",\"url\":\"https:\\\/\\\/velorainvesta.com\\\/fr\\\/politique-de-confidentialite\\\/\",\"name\":\"Politique de confidentialit\u00e9 - Velora\",\"isPartOf\":{\"@id\":\"https:\\\/\\\/velorainvesta.com\\\/fr\\\/#website\"},\"datePublished\":\"2026-01-27T09:37:15+00:00\",\"dateModified\":\"2026-03-18T07:20:21+00:00\",\"breadcrumb\":{\"@id\":\"https:\\\/\\\/velorainvesta.com\\\/fr\\\/politique-de-confidentialite\\\/#breadcrumb\"},\"inLanguage\":\"fr-FR\",\"potentialAction\":[{\"@type\":\"ReadAction\",\"target\":[\"https:\\\/\\\/velorainvesta.com\\\/fr\\\/politique-de-confidentialite\\\/\"]}]},{\"@type\":\"BreadcrumbList\",\"@id\":\"https:\\\/\\\/velorainvesta.com\\\/fr\\\/politique-de-confidentialite\\\/#breadcrumb\",\"itemListElement\":[{\"@type\":\"ListItem\",\"position\":1,\"name\":\"Portada\",\"item\":\"https:\\\/\\\/velorainvesta.com\\\/fr\\\/\"},{\"@type\":\"ListItem\",\"position\":2,\"name\":\"Politique de confidentialit\u00e9\"}]},{\"@type\":\"WebSite\",\"@id\":\"https:\\\/\\\/velorainvesta.com\\\/fr\\\/#website\",\"url\":\"https:\\\/\\\/velorainvesta.com\\\/fr\\\/\",\"name\":\"Velora Investa\",\"description\":\"Grupo industrial que opera en cadena de la energ\u00eda\",\"publisher\":{\"@id\":\"https:\\\/\\\/velorainvesta.com\\\/fr\\\/#organization\"},\"potentialAction\":[{\"@type\":\"SearchAction\",\"target\":{\"@type\":\"EntryPoint\",\"urlTemplate\":\"https:\\\/\\\/velorainvesta.com\\\/fr\\\/?s={search_term_string}\"},\"query-input\":{\"@type\":\"PropertyValueSpecification\",\"valueRequired\":true,\"valueName\":\"search_term_string\"}}],\"inLanguage\":\"fr-FR\"},{\"@type\":\"Organization\",\"@id\":\"https:\\\/\\\/velorainvesta.com\\\/fr\\\/#organization\",\"name\":\"Velora Investa\",\"url\":\"https:\\\/\\\/velorainvesta.com\\\/fr\\\/\",\"logo\":{\"@type\":\"ImageObject\",\"inLanguage\":\"fr-FR\",\"@id\":\"https:\\\/\\\/velorainvesta.com\\\/fr\\\/#\\\/schema\\\/logo\\\/image\\\/\",\"url\":\"https:\\\/\\\/velorainvesta.com\\\/wp-content\\\/uploads\\\/2026\\\/01\\\/Logo-Velora-01.png\",\"contentUrl\":\"https:\\\/\\\/velorainvesta.com\\\/wp-content\\\/uploads\\\/2026\\\/01\\\/Logo-Velora-01.png\",\"width\":1250,\"height\":1250,\"caption\":\"Velora Investa\"},\"image\":{\"@id\":\"https:\\\/\\\/velorainvesta.com\\\/fr\\\/#\\\/schema\\\/logo\\\/image\\\/\"}}]}<\/script>\n<!-- \/ Yoast SEO plugin. -->","yoast_head_json":{"title":"Politique de confidentialit\u00e9 - Velora","robots":{"index":"noindex","follow":"nofollow"},"og_locale":"fr_FR","og_type":"article","og_title":"Politique de confidentialit\u00e9 - Velora","og_description":"Politique de confidentialit\u00e9 Votre vie priv\u00e9e est importante pour le Groupe Cunext. Nous nous engageons donc \u00e0 traiter vos donn\u00e9es personnelles de mani\u00e8re appropri\u00e9e et responsable, en respectant \u00e0 tout moment les principes de protection des donn\u00e9es et en nous conformant strictement \u00e0 la l\u00e9gislation en vigueur (R\u00e8glement (UE) 2016\/679 du Parlement europ\u00e9en et du [&hellip;]","og_url":"https:\/\/velorainvesta.com\/fr\/politique-de-confidentialite\/","og_site_name":"Velora","article_modified_time":"2026-03-18T07:20:21+00:00","twitter_card":"summary_large_image","twitter_misc":{"Dur\u00e9e de lecture estim\u00e9e":"4 minutes"},"schema":{"@context":"https:\/\/schema.org","@graph":[{"@type":"WebPage","@id":"https:\/\/velorainvesta.com\/fr\/politique-de-confidentialite\/","url":"https:\/\/velorainvesta.com\/fr\/politique-de-confidentialite\/","name":"Politique de confidentialit\u00e9 - Velora","isPartOf":{"@id":"https:\/\/velorainvesta.com\/fr\/#website"},"datePublished":"2026-01-27T09:37:15+00:00","dateModified":"2026-03-18T07:20:21+00:00","breadcrumb":{"@id":"https:\/\/velorainvesta.com\/fr\/politique-de-confidentialite\/#breadcrumb"},"inLanguage":"fr-FR","potentialAction":[{"@type":"ReadAction","target":["https:\/\/velorainvesta.com\/fr\/politique-de-confidentialite\/"]}]},{"@type":"BreadcrumbList","@id":"https:\/\/velorainvesta.com\/fr\/politique-de-confidentialite\/#breadcrumb","itemListElement":[{"@type":"ListItem","position":1,"name":"Portada","item":"https:\/\/velorainvesta.com\/fr\/"},{"@type":"ListItem","position":2,"name":"Politique de confidentialit\u00e9"}]},{"@type":"WebSite","@id":"https:\/\/velorainvesta.com\/fr\/#website","url":"https:\/\/velorainvesta.com\/fr\/","name":"Velora Investa","description":"Grupo industrial que opera en cadena de la energ\u00eda","publisher":{"@id":"https:\/\/velorainvesta.com\/fr\/#organization"},"potentialAction":[{"@type":"SearchAction","target":{"@type":"EntryPoint","urlTemplate":"https:\/\/velorainvesta.com\/fr\/?s={search_term_string}"},"query-input":{"@type":"PropertyValueSpecification","valueRequired":true,"valueName":"search_term_string"}}],"inLanguage":"fr-FR"},{"@type":"Organization","@id":"https:\/\/velorainvesta.com\/fr\/#organization","name":"Velora Investa","url":"https:\/\/velorainvesta.com\/fr\/","logo":{"@type":"ImageObject","inLanguage":"fr-FR","@id":"https:\/\/velorainvesta.com\/fr\/#\/schema\/logo\/image\/","url":"https:\/\/velorainvesta.com\/wp-content\/uploads\/2026\/01\/Logo-Velora-01.png","contentUrl":"https:\/\/velorainvesta.com\/wp-content\/uploads\/2026\/01\/Logo-Velora-01.png","width":1250,"height":1250,"caption":"Velora Investa"},"image":{"@id":"https:\/\/velorainvesta.com\/fr\/#\/schema\/logo\/image\/"}}]}},"_links":{"self":[{"href":"https:\/\/velorainvesta.com\/fr\/wp-json\/wp\/v2\/pages\/3230","targetHints":{"allow":["GET"]}}],"collection":[{"href":"https:\/\/velorainvesta.com\/fr\/wp-json\/wp\/v2\/pages"}],"about":[{"href":"https:\/\/velorainvesta.com\/fr\/wp-json\/wp\/v2\/types\/page"}],"author":[{"embeddable":true,"href":"https:\/\/velorainvesta.com\/fr\/wp-json\/wp\/v2\/users\/1"}],"replies":[{"embeddable":true,"href":"https:\/\/velorainvesta.com\/fr\/wp-json\/wp\/v2\/comments?post=3230"}],"version-history":[{"count":7,"href":"https:\/\/velorainvesta.com\/fr\/wp-json\/wp\/v2\/pages\/3230\/revisions"}],"predecessor-version":[{"id":3259,"href":"https:\/\/velorainvesta.com\/fr\/wp-json\/wp\/v2\/pages\/3230\/revisions\/3259"}],"wp:attachment":[{"href":"https:\/\/velorainvesta.com\/fr\/wp-json\/wp\/v2\/media?parent=3230"}],"curies":[{"name":"wp","href":"https:\/\/api.w.org\/{rel}","templated":true}]}}