{"id":3228,"date":"2026-01-27T11:25:25","date_gmt":"2026-01-27T10:25:25","guid":{"rendered":"https:\/\/velorainvesta.com\/aviso-legal\/"},"modified":"2026-03-18T08:19:29","modified_gmt":"2026-03-18T07:19:29","slug":"mentions-legales","status":"publish","type":"page","link":"https:\/\/velorainvesta.com\/fr\/mentions-legales\/","title":{"rendered":"Mentions l\u00e9gales"},"content":{"rendered":"\t\t<div data-elementor-type=\"wp-page\" data-elementor-id=\"3228\" class=\"elementor elementor-3228 elementor-394\" data-elementor-post-type=\"page\">\n\t\t\t\t<div class=\"elementor-element elementor-element-30858f97 e-flex e-con-boxed e-con e-parent\" data-id=\"30858f97\" data-element_type=\"container\" data-e-type=\"container\" data-settings=\"{&quot;background_background&quot;:&quot;classic&quot;}\">\n\t\t\t\t\t<div class=\"e-con-inner\">\n\t\t<div class=\"elementor-element elementor-element-13343de2 e-con-full e-flex e-con e-child\" data-id=\"13343de2\" data-element_type=\"container\" data-e-type=\"container\">\n\t\t\t\t<div class=\"elementor-element elementor-element-3b239f6c elementor-invisible elementor-widget elementor-widget-heading\" data-id=\"3b239f6c\" data-element_type=\"widget\" data-e-type=\"widget\" data-settings=\"{&quot;_animation&quot;:&quot;fadeIn&quot;}\" data-widget_type=\"heading.default\">\n\t\t\t\t<div class=\"elementor-widget-container\">\n\t\t\t\t\t<h1 class=\"elementor-heading-title elementor-size-default\">Mentions l\u00e9gales<\/h1>\t\t\t\t<\/div>\n\t\t\t\t<\/div>\n\t\t\t\t<\/div>\n\t\t\t\t\t<\/div>\n\t\t\t\t<\/div>\n\t\t<div class=\"elementor-element elementor-element-3256de8 e-flex e-con-boxed e-con e-parent\" data-id=\"3256de8\" data-element_type=\"container\" data-e-type=\"container\">\n\t\t\t\t\t<div class=\"e-con-inner\">\n\t\t\t\t<div class=\"elementor-element elementor-element-43ab2a3 legales elementor-widget elementor-widget-text-editor\" data-id=\"43ab2a3\" data-element_type=\"widget\" data-e-type=\"widget\" data-widget_type=\"text-editor.default\">\n\t\t\t\t<div class=\"elementor-widget-container\">\n\t\t\t\t\t\t\t\t\tVous trouverez ci-dessous toutes les informations relatives aux r\u00e8gles et \u00e0 la l\u00e9gislation applicables au pr\u00e9sent site web du GROUPE VELORA.\n\n<ul> <li><a href=\"#titularyfinalidades\"><strong>Titulaire et finalit\u00e9s :<\/strong><\/a> responsable du site web et ses finalit\u00e9s.<\/li> <li><a href=\"#condicionesdeuso\"><strong>Conditions d\u2019utilisation pour les utilisateurs et les clients :<\/strong><\/a> comment notre site web doit \u00eatre utilis\u00e9 par les utilisateurs et les clients.<\/li> <li><a href=\"#exclusiones\"><strong>Exclusions de responsabilit\u00e9 :<\/strong><\/a> situations dans lesquelles nous ne pouvons \u00eatre tenus responsables du fonctionnement ou de l\u2019inactivit\u00e9 de notre site web.<\/li> <li><a href=\"#politicadeenlaces\"><strong>Politique de liens :<\/strong><\/a> vers quels sites notre site renvoie et qui peut cr\u00e9er des liens vers notre site.<\/li> <li><a href=\"#propiedadintelectual\"><strong>Propri\u00e9t\u00e9 intellectuelle :<\/strong><\/a> droits relatifs au contenu de notre site web.<\/li> <li><a href=\"https:\/\/cunext.com\/politica-de-privacidad\"><strong>Politique de confidentialit\u00e9 :<\/strong><\/a> informations sur le traitement des donn\u00e9es personnelles, les droits applicables, ainsi que les principes de traitement et de s\u00e9curit\u00e9.<\/li> <li><a href=\"https:\/\/cunext.com\/politica-de-cookies\"><strong>Politique de cookies :<\/strong><\/a> outils de suivi lors de la visite de notre site web, informations et choix concernant leur blocage et leurs cons\u00e9quences.<\/li> <li><a href=\"#legislacion\"><strong>L\u00e9gislation applicable :<\/strong><\/a> r\u00e9glementation applicable \u00e0 ces mentions l\u00e9gales.<\/li> <\/ul>\n\nToute question, suggestion ou demande concernant l\u2019utilisation de ce site web sera trait\u00e9e \u00e0 l\u2019adresse \u00e9lectronique suivante :\n<a href=\"mailto:infocunext@cunext.com\">info@cunext.com\n<\/a>\n\n<div> <h3>1. Titulaire et finalit\u00e9s<\/h3> VELORA INVESTA, SL g\u00e8re le pr\u00e9sent site web velorainvesta.com afin de : <ul> <li>Fournir des informations sur la responsabilit\u00e9 sociale des entreprises (RSE) du groupe.<\/li> <li>Pr\u00e9senter des informations sur notre groupe et son fonctionnement, en mettant en avant ses garanties certifi\u00e9es.<\/li> <li>Pr\u00e9senter les produits que nous \u00e9laborons et servir de canal de communication avec les clients.<\/li> <li>Informer sur la <a href=\"https:\/\/cunext.com\/politicia-de-privacidad\">politique de confidentialit\u00e9<\/a> applicable aux traitements de donn\u00e9es personnelles que nous effectuons.<\/li> <\/ul> <\/div> <div> <h3>2. Conditions d\u2019utilisation pour les utilisateurs et les clients<\/h3> L\u2019acc\u00e8s \u00e0 ce site web est gratuit pour tout utilisateur ainsi que pour les clients des soci\u00e9t\u00e9s composant le GROUPE VELORA, et implique l\u2019acceptation des pr\u00e9sentes conditions d\u2019utilisation.\n\nLes clients des soci\u00e9t\u00e9s composant le GROUPE VELORA peuvent demander leurs identifiants afin d\u2019acc\u00e9der \u00e0 la zone restreinte du site web qui leur est r\u00e9serv\u00e9e, en s\u2019engageant \u00e0 faire un usage diligent et confidentiel du mot de passe fourni. Nous nous r\u00e9servons le droit de refuser ou de retirer, sans pr\u00e9avis, l\u2019acc\u00e8s aux personnes qui ne respecteraient pas les pr\u00e9sentes conditions d\u2019utilisation.\n\nTous les utilisateurs et clients sont tenus d\u2019utiliser notre site web de mani\u00e8re appropri\u00e9e et l\u00e9gale, en s\u2019abstenant de causer des dommages ou d\u2019introduire ou de diffuser des virus ou tout syst\u00e8me susceptible d\u2019en provoquer.<\/div>\n\n<div> <h3>3. Exclusions de responsabilit\u00e9<\/h3> Nous nous r\u00e9servons le droit d\u2019apporter les modifications que nous jugeons opportunes sur ce site web, pouvant modifier, supprimer ou ajouter des contenus ou produits qui y figurent, ainsi que leur pr\u00e9sentation ou leur localisation.\n\nNous ne pouvons \u00eatre tenus responsables de l\u2019indisponibilit\u00e9 du site web pour des causes ind\u00e9pendantes de notre volont\u00e9 (probl\u00e8mes techniques du r\u00e9seau, des prestataires de services de t\u00e9l\u00e9communications, pannes d\u2019\u00e9quipements et autres incidents impr\u00e9visibles tels que r\u00e9parations, maintenance ou mises \u00e0 jour logicielles). De m\u00eame, nous ne pouvons \u00eatre responsables des connexions erron\u00e9es ou d\u00e9fectueuses dues \u00e0 un mauvais fonctionnement du navigateur utilis\u00e9 par l\u2019utilisateur ou \u00e0 l\u2019utilisation de versions non mises \u00e0 jour de celui-ci. Nous ne pouvons pas non plus garantir que notre site web soit compatible avec tous les mat\u00e9riels ou logiciels utilis\u00e9s par l\u2019utilisateur ou le client.<\/div>\n\n<div> <h3>4. Politique de liens<\/h3> Notre site web renvoie vers les profils de r\u00e9seaux sociaux de VELORA INVESTA, SL ainsi que vers la localisation sur Google Maps de chacune des soci\u00e9t\u00e9s du groupe.\n\nPour cr\u00e9er un lien vers notre site web, une autorisation expresse de VELORA INVESTA, SL est requise, cette derni\u00e8re se r\u00e9servant en tout \u00e9tat de cause le droit de l\u2019interdire ou de le limiter.<\/div>\n\n<div> <h3>5. Propri\u00e9t\u00e9 intellectuelle<\/h3> Le nom de domaine est la propri\u00e9t\u00e9 de VELORA INVESTA, SL et son utilisation exclusive est r\u00e9serv\u00e9e au GROUPE VELORA. De m\u00eame, elle est titulaire de tous les droits de propri\u00e9t\u00e9 intellectuelle du site web, de l\u2019ensemble de ses contenus (textes, logos, signes, marques, noms commerciaux, dessins industriels, graphiques et designs, ou tout autre signe susceptible d\u2019utilisation industrielle et commerciale), ainsi que du code source et du design graphique du site.\n\nLa reproduction, la distribution et la communication publique, totale ou partielle, des contenus de ce site web, sur tout support et par tout moyen, sont express\u00e9ment interdites sans notre autorisation.<\/div>\n\n<div> <h3>6. L\u00e9gislation applicable<\/h3> La loi applicable en cas de litige ou de conflit d\u2019interpr\u00e9tation des termes composant ces mentions l\u00e9gales sera la loi espagnole. <\/div>\t\t\t\t\t\t\t\t<\/div>\n\t\t\t\t<\/div>\n\t\t\t\t\t<\/div>\n\t\t\t\t<\/div>\n\t\t\t\t<\/div>\n\t\t","protected":false},"excerpt":{"rendered":"<p>Mentions l\u00e9gales Vous trouverez ci-dessous toutes les informations relatives aux r\u00e8gles et \u00e0 la l\u00e9gislation applicables au pr\u00e9sent site web du GROUPE VELORA. Titulaire et finalit\u00e9s : responsable du site web et ses finalit\u00e9s. Conditions d\u2019utilisation pour les utilisateurs et les clients : comment notre site web doit \u00eatre utilis\u00e9 par les utilisateurs et les [&hellip;]<\/p>\n","protected":false},"author":3,"featured_media":0,"parent":0,"menu_order":0,"comment_status":"closed","ping_status":"closed","template":"elementor_header_footer","meta":{"footnotes":""},"class_list":["post-3228","page","type-page","status-publish","hentry"],"yoast_head":"<!-- This site is optimized with the Yoast SEO plugin v27.3 - https:\/\/yoast.com\/product\/yoast-seo-wordpress\/ -->\n<title>Mentions l\u00e9gales - Velora<\/title>\n<meta name=\"robots\" content=\"noindex, nofollow\" \/>\n<meta property=\"og:locale\" content=\"fr_FR\" \/>\n<meta property=\"og:type\" content=\"article\" \/>\n<meta property=\"og:title\" content=\"Mentions l\u00e9gales - Velora\" \/>\n<meta property=\"og:description\" content=\"Mentions l\u00e9gales Vous trouverez ci-dessous toutes les informations relatives aux r\u00e8gles et \u00e0 la l\u00e9gislation applicables au pr\u00e9sent site web du GROUPE VELORA. Titulaire et finalit\u00e9s : responsable du site web et ses finalit\u00e9s. Conditions d\u2019utilisation pour les utilisateurs et les clients : comment notre site web doit \u00eatre utilis\u00e9 par les utilisateurs et les [&hellip;]\" \/>\n<meta property=\"og:url\" content=\"https:\/\/velorainvesta.com\/fr\/mentions-legales\/\" \/>\n<meta property=\"og:site_name\" content=\"Velora\" \/>\n<meta property=\"article:modified_time\" content=\"2026-03-18T07:19:29+00:00\" \/>\n<meta name=\"twitter:card\" content=\"summary_large_image\" \/>\n<meta name=\"twitter:label1\" content=\"Dur\u00e9e de lecture estim\u00e9e\" \/>\n\t<meta name=\"twitter:data1\" content=\"4 minutes\" \/>\n<script type=\"application\/ld+json\" class=\"yoast-schema-graph\">{\"@context\":\"https:\\\/\\\/schema.org\",\"@graph\":[{\"@type\":\"WebPage\",\"@id\":\"https:\\\/\\\/velorainvesta.com\\\/fr\\\/mentions-legales\\\/\",\"url\":\"https:\\\/\\\/velorainvesta.com\\\/fr\\\/mentions-legales\\\/\",\"name\":\"Mentions l\u00e9gales - Velora\",\"isPartOf\":{\"@id\":\"https:\\\/\\\/velorainvesta.com\\\/fr\\\/#website\"},\"datePublished\":\"2026-01-27T10:25:25+00:00\",\"dateModified\":\"2026-03-18T07:19:29+00:00\",\"breadcrumb\":{\"@id\":\"https:\\\/\\\/velorainvesta.com\\\/fr\\\/mentions-legales\\\/#breadcrumb\"},\"inLanguage\":\"fr-FR\",\"potentialAction\":[{\"@type\":\"ReadAction\",\"target\":[\"https:\\\/\\\/velorainvesta.com\\\/fr\\\/mentions-legales\\\/\"]}]},{\"@type\":\"BreadcrumbList\",\"@id\":\"https:\\\/\\\/velorainvesta.com\\\/fr\\\/mentions-legales\\\/#breadcrumb\",\"itemListElement\":[{\"@type\":\"ListItem\",\"position\":1,\"name\":\"Portada\",\"item\":\"https:\\\/\\\/velorainvesta.com\\\/fr\\\/\"},{\"@type\":\"ListItem\",\"position\":2,\"name\":\"Mentions l\u00e9gales\"}]},{\"@type\":\"WebSite\",\"@id\":\"https:\\\/\\\/velorainvesta.com\\\/fr\\\/#website\",\"url\":\"https:\\\/\\\/velorainvesta.com\\\/fr\\\/\",\"name\":\"Velora Investa\",\"description\":\"Grupo industrial que opera en cadena de la energ\u00eda\",\"publisher\":{\"@id\":\"https:\\\/\\\/velorainvesta.com\\\/fr\\\/#organization\"},\"potentialAction\":[{\"@type\":\"SearchAction\",\"target\":{\"@type\":\"EntryPoint\",\"urlTemplate\":\"https:\\\/\\\/velorainvesta.com\\\/fr\\\/?s={search_term_string}\"},\"query-input\":{\"@type\":\"PropertyValueSpecification\",\"valueRequired\":true,\"valueName\":\"search_term_string\"}}],\"inLanguage\":\"fr-FR\"},{\"@type\":\"Organization\",\"@id\":\"https:\\\/\\\/velorainvesta.com\\\/fr\\\/#organization\",\"name\":\"Velora Investa\",\"url\":\"https:\\\/\\\/velorainvesta.com\\\/fr\\\/\",\"logo\":{\"@type\":\"ImageObject\",\"inLanguage\":\"fr-FR\",\"@id\":\"https:\\\/\\\/velorainvesta.com\\\/fr\\\/#\\\/schema\\\/logo\\\/image\\\/\",\"url\":\"https:\\\/\\\/velorainvesta.com\\\/wp-content\\\/uploads\\\/2026\\\/01\\\/Logo-Velora-01.png\",\"contentUrl\":\"https:\\\/\\\/velorainvesta.com\\\/wp-content\\\/uploads\\\/2026\\\/01\\\/Logo-Velora-01.png\",\"width\":1250,\"height\":1250,\"caption\":\"Velora Investa\"},\"image\":{\"@id\":\"https:\\\/\\\/velorainvesta.com\\\/fr\\\/#\\\/schema\\\/logo\\\/image\\\/\"}}]}<\/script>\n<!-- \/ Yoast SEO plugin. -->","yoast_head_json":{"title":"Mentions l\u00e9gales - Velora","robots":{"index":"noindex","follow":"nofollow"},"og_locale":"fr_FR","og_type":"article","og_title":"Mentions l\u00e9gales - Velora","og_description":"Mentions l\u00e9gales Vous trouverez ci-dessous toutes les informations relatives aux r\u00e8gles et \u00e0 la l\u00e9gislation applicables au pr\u00e9sent site web du GROUPE VELORA. Titulaire et finalit\u00e9s : responsable du site web et ses finalit\u00e9s. Conditions d\u2019utilisation pour les utilisateurs et les clients : comment notre site web doit \u00eatre utilis\u00e9 par les utilisateurs et les [&hellip;]","og_url":"https:\/\/velorainvesta.com\/fr\/mentions-legales\/","og_site_name":"Velora","article_modified_time":"2026-03-18T07:19:29+00:00","twitter_card":"summary_large_image","twitter_misc":{"Dur\u00e9e de lecture estim\u00e9e":"4 minutes"},"schema":{"@context":"https:\/\/schema.org","@graph":[{"@type":"WebPage","@id":"https:\/\/velorainvesta.com\/fr\/mentions-legales\/","url":"https:\/\/velorainvesta.com\/fr\/mentions-legales\/","name":"Mentions l\u00e9gales - Velora","isPartOf":{"@id":"https:\/\/velorainvesta.com\/fr\/#website"},"datePublished":"2026-01-27T10:25:25+00:00","dateModified":"2026-03-18T07:19:29+00:00","breadcrumb":{"@id":"https:\/\/velorainvesta.com\/fr\/mentions-legales\/#breadcrumb"},"inLanguage":"fr-FR","potentialAction":[{"@type":"ReadAction","target":["https:\/\/velorainvesta.com\/fr\/mentions-legales\/"]}]},{"@type":"BreadcrumbList","@id":"https:\/\/velorainvesta.com\/fr\/mentions-legales\/#breadcrumb","itemListElement":[{"@type":"ListItem","position":1,"name":"Portada","item":"https:\/\/velorainvesta.com\/fr\/"},{"@type":"ListItem","position":2,"name":"Mentions l\u00e9gales"}]},{"@type":"WebSite","@id":"https:\/\/velorainvesta.com\/fr\/#website","url":"https:\/\/velorainvesta.com\/fr\/","name":"Velora Investa","description":"Grupo industrial que opera en cadena de la energ\u00eda","publisher":{"@id":"https:\/\/velorainvesta.com\/fr\/#organization"},"potentialAction":[{"@type":"SearchAction","target":{"@type":"EntryPoint","urlTemplate":"https:\/\/velorainvesta.com\/fr\/?s={search_term_string}"},"query-input":{"@type":"PropertyValueSpecification","valueRequired":true,"valueName":"search_term_string"}}],"inLanguage":"fr-FR"},{"@type":"Organization","@id":"https:\/\/velorainvesta.com\/fr\/#organization","name":"Velora Investa","url":"https:\/\/velorainvesta.com\/fr\/","logo":{"@type":"ImageObject","inLanguage":"fr-FR","@id":"https:\/\/velorainvesta.com\/fr\/#\/schema\/logo\/image\/","url":"https:\/\/velorainvesta.com\/wp-content\/uploads\/2026\/01\/Logo-Velora-01.png","contentUrl":"https:\/\/velorainvesta.com\/wp-content\/uploads\/2026\/01\/Logo-Velora-01.png","width":1250,"height":1250,"caption":"Velora Investa"},"image":{"@id":"https:\/\/velorainvesta.com\/fr\/#\/schema\/logo\/image\/"}}]}},"_links":{"self":[{"href":"https:\/\/velorainvesta.com\/fr\/wp-json\/wp\/v2\/pages\/3228","targetHints":{"allow":["GET"]}}],"collection":[{"href":"https:\/\/velorainvesta.com\/fr\/wp-json\/wp\/v2\/pages"}],"about":[{"href":"https:\/\/velorainvesta.com\/fr\/wp-json\/wp\/v2\/types\/page"}],"author":[{"embeddable":true,"href":"https:\/\/velorainvesta.com\/fr\/wp-json\/wp\/v2\/users\/3"}],"replies":[{"embeddable":true,"href":"https:\/\/velorainvesta.com\/fr\/wp-json\/wp\/v2\/comments?post=3228"}],"version-history":[{"count":7,"href":"https:\/\/velorainvesta.com\/fr\/wp-json\/wp\/v2\/pages\/3228\/revisions"}],"predecessor-version":[{"id":3257,"href":"https:\/\/velorainvesta.com\/fr\/wp-json\/wp\/v2\/pages\/3228\/revisions\/3257"}],"wp:attachment":[{"href":"https:\/\/velorainvesta.com\/fr\/wp-json\/wp\/v2\/media?parent=3228"}],"curies":[{"name":"wp","href":"https:\/\/api.w.org\/{rel}","templated":true}]}}