{"id":3047,"date":"2026-01-27T10:37:15","date_gmt":"2026-01-27T09:37:15","guid":{"rendered":"https:\/\/velorainvesta.com\/politica-de-privacidad\/"},"modified":"2026-03-17T13:15:06","modified_gmt":"2026-03-17T12:15:06","slug":"privacy-policy","status":"publish","type":"page","link":"https:\/\/velorainvesta.com\/en\/privacy-policy\/","title":{"rendered":"Privacy Policy"},"content":{"rendered":"\t\t<div data-elementor-type=\"wp-page\" data-elementor-id=\"3047\" class=\"elementor elementor-3047 elementor-380\" data-elementor-post-type=\"page\">\n\t\t\t\t<div class=\"elementor-element elementor-element-30858f97 e-flex e-con-boxed e-con e-parent\" data-id=\"30858f97\" data-element_type=\"container\" data-e-type=\"container\" data-settings=\"{&quot;background_background&quot;:&quot;classic&quot;}\">\n\t\t\t\t\t<div class=\"e-con-inner\">\n\t\t<div class=\"elementor-element elementor-element-13343de2 e-con-full e-flex e-con e-child\" data-id=\"13343de2\" data-element_type=\"container\" data-e-type=\"container\">\n\t\t\t\t<div class=\"elementor-element elementor-element-3b239f6c elementor-invisible elementor-widget elementor-widget-heading\" data-id=\"3b239f6c\" data-element_type=\"widget\" data-e-type=\"widget\" data-settings=\"{&quot;_animation&quot;:&quot;fadeIn&quot;}\" data-widget_type=\"heading.default\">\n\t\t\t\t<div class=\"elementor-widget-container\">\n\t\t\t\t\t<h1 class=\"elementor-heading-title elementor-size-default\">Privacy Policy<\/h1>\t\t\t\t<\/div>\n\t\t\t\t<\/div>\n\t\t\t\t<\/div>\n\t\t\t\t\t<\/div>\n\t\t\t\t<\/div>\n\t\t<div class=\"elementor-element elementor-element-3256de8 legales e-flex e-con-boxed e-con e-parent\" data-id=\"3256de8\" data-element_type=\"container\" data-e-type=\"container\">\n\t\t\t\t\t<div class=\"e-con-inner\">\n\t\t\t\t<div class=\"elementor-element elementor-element-43ab2a3 legales elementor-widget elementor-widget-text-editor\" data-id=\"43ab2a3\" data-element_type=\"widget\" data-e-type=\"widget\" data-widget_type=\"text-editor.default\">\n\t\t\t\t<div class=\"elementor-widget-container\">\n\t\t\t\t\t\t\t\t\t<p>Your privacy is important to Grupo Cunext, which is why we are committed to processing your personal data appropriately and responsibly,<br \/>at all times adhering to data protection principles and fully complying with current legislation<br \/>(Regulation (EU) 2016\/679 of the European Parliament and of the Council of 27 April 2016 on the protection of natural persons<br \/>with regard to the processing of personal data and on the free movement of such data \u2013 GDPR \u2013 and Organic Law 3\/2018 of 5 December<br \/>on the Protection of Personal Data and the Guarantee of Digital Rights \u2013 LOPD).<\/p><p>In this privacy notice, we provide detailed information on who is responsible for processing your personal data, for what purposes and why it is<br \/>used, how long it is retained, and whether it will be transferred or disclosed.<\/p><p>To ensure you have full control over your personal data, we explain to whom and how you can exercise your rights.<\/p><h3>Data controller<\/h3><p>The company within the Cunext Group with which you have carried out any of the activities subject to processing as defined in this privacy notice shall act as the data controller; further details are provided below:<\/p><p>\u00a0<\/p><p><a href=\"https:\/\/cunext.com\/wp-content\/uploads\/2023\/06\/Anexo-AVISO-DE-PRIVACIDAD.pdf\" target=\"_blank\" rel=\"noopener\"><span class=\"titulo-pdf\">Treatment activities<\/span><br \/><\/a><\/p><h4>1. Commercial contacts<\/h4><ul><li style=\"list-style-type: none;\"><ul><li><strong>Purpose:<\/strong> Exchange of communications in connection with the commercial activities carried out between the various companies of the Cunext Group and their customers or suppliers.<\/li><li><strong>Legal basis:<\/strong> Legitimate interest (Article 6(1)(f) of the GDPR and Article 19 of the LOPD).<\/li><li><strong>Retention period:<\/strong> he limitation period for obligations relating to services arising from ongoing commercial and\/or business relationships.<\/li><li><strong>Recipients:<\/strong> No transfer or disclosure is envisaged.<\/li><\/ul><\/li><\/ul><p>\u00a0<\/p><h4><strong data-start=\"596\" data-end=\"649\">2. Communications made through the Ethics Channel<\/strong><\/h4><ul><li style=\"list-style-type: none;\"><ul><li><strong data-start=\"652\" data-end=\"664\">Purpose:<\/strong> Management, processing and investigation of communications submitted through the Ethics Channel, as well as, where appropriate, the adoption of disciplinary measures or the handling of any legal proceedings arising therefrom.<\/li><li><strong data-start=\"893\" data-end=\"909\">Legal basis:<\/strong> Processing is necessary for compliance with legal obligations applicable to the data controller (Article 6(1)(c) of the GDPR), in relation to the legal obligation to establish a whistleblowing channel pursuant to Article 10 of Law 2\/2023. Where the processing of special categories of personal data is required, the legal basis is that processing is necessary for reasons of substantial public interest (Article 9(2)(g) of the GDPR).<\/li><li><strong data-start=\"1346\" data-end=\"1367\">Retention period:<\/strong> The time strictly necessary to determine whether an investigation into the reported facts should be initiated and, in any event, no longer than three (3) months from receipt of the communication if no investigation has been initiated. If an investigation is initiated that may involve legal action, the data will be retained for the legally established limitation period for such actions.<\/li><li><strong data-start=\"1759\" data-end=\"1774\">Recipients:<\/strong> Where appropriate, the data may be disclosed to the judicial authorities, the Public Prosecutor\u2019s Office, or the competent administrative authority within the framework of a criminal, disciplinary or sanctioning investigation.<\/li><\/ul><\/li><\/ul><p>\u00a0<\/p><h4><strong data-start=\"53\" data-end=\"88\">3. Access control to facilities<\/strong><\/h4><ul><li style=\"list-style-type: none;\"><ul><li><strong data-start=\"91\" data-end=\"103\">Purpose:<\/strong> To identify individuals accessing the premises and to monitor them during their stay.<\/li><li><strong data-start=\"192\" data-end=\"208\">Legal basis:<\/strong> Legitimate interest (Article 6(1)(f) of the GDPR).<\/li><li><strong data-start=\"262\" data-end=\"283\">Retention period:<\/strong> The statutory limitation period applicable to any minor or serious offences that may be committed.<\/li><li><strong data-start=\"385\" data-end=\"400\">Recipients:<\/strong> No disclosures are envisaged, except in the event of potential security incidents, which may be reported, where appropriate, to law enforcement authorities.<\/li><\/ul><\/li><\/ul><p>\u00a0<\/p><h4><strong data-start=\"53\" data-end=\"78\">4. Video surveillance<\/strong><\/h4><ul><li><strong data-start=\"81\" data-end=\"93\">Purpose:<\/strong> Security of individuals, property and facilities.<\/li><li><strong data-start=\"146\" data-end=\"162\">Legal basis:<\/strong> Public interest (Article 6(1)(e) of the GDPR and Article 22 of the LOPD).<\/li><li><strong data-start=\"239\" data-end=\"260\">Retention period:<\/strong> One (1) month.<\/li><li><strong>Destinatarios:<\/strong> No se prev\u00e9n, salvo supuestos de posibles incidentes de seguridad, que ser\u00edan comunicados en su caso, a las fuerzas del orden p\u00fablico<\/li><\/ul><p>\u00a0<\/p><div class=\"flex flex-col text-sm pb-25\"><article class=\"text-token-text-primary w-full focus:outline-none [--shadow-height:45px] has-data-writing-block:pointer-events-none has-data-writing-block:-mt-(--shadow-height) has-data-writing-block:pt-(--shadow-height) [&amp;:has([data-writing-block])&gt;*]:pointer-events-auto scroll-mt-[calc(var(--header-height)+min(200px,max(70px,20svh)))]\" dir=\"auto\" tabindex=\"-1\" data-turn-id=\"request-WEB:184f9662-4df4-4892-8764-c8ee08552ef0-16\" data-testid=\"conversation-turn-34\" data-scroll-anchor=\"true\" data-turn=\"assistant\"><div class=\"text-base my-auto mx-auto pb-10 [--thread-content-margin:var(--thread-content-margin-xs,calc(var(--spacing)*4))] @w-sm\/main:[--thread-content-margin:var(--thread-content-margin-sm,calc(var(--spacing)*6))] @w-lg\/main:[--thread-content-margin:var(--thread-content-margin-lg,calc(var(--spacing)*16))] px-(--thread-content-margin)\"><div class=\"[--thread-content-max-width:40rem] @w-lg\/main:[--thread-content-max-width:48rem] mx-auto max-w-(--thread-content-max-width) flex-1 group\/turn-messages focus-visible:outline-hidden relative flex w-full min-w-0 flex-col agent-turn\" tabindex=\"-1\"><div class=\"flex max-w-full flex-col gap-4 grow\"><div class=\"min-h-8 text-message relative flex w-full flex-col items-end gap-2 text-start break-words whitespace-normal [.text-message+&amp;]:mt-1\" dir=\"auto\" data-message-author-role=\"assistant\" data-message-id=\"39dd0602-d705-4e30-8604-b1d642c169a1\" data-message-model-slug=\"gpt-5-3-instant\"><div class=\"flex w-full flex-col gap-1 empty:hidden\"><div class=\"markdown prose dark:prose-invert w-full wrap-break-word dark markdown-new-styling\"><p data-start=\"454\" data-end=\"578\" data-is-last-node=\"\" data-is-only-node=\"\">We do not carry out any automated decision-making based on the data provided, nor do we create any profiles using such data.<\/p><\/div><\/div><\/div><\/div><div class=\"z-0 flex min-h-[46px] justify-start\">\u00a0<\/div><\/div><\/div><\/article><\/div><div class=\"pointer-events-none h-px w-px absolute bottom-0\" aria-hidden=\"true\" data-edge=\"true\">\u00a0<\/div><h3>Rights<\/h3><p>You have the right to obtain confirmation as to whether or not we are processing personal data concerning you. Data subjects have the right to access their personal data, as well as to request the rectification of inaccurate data or, where appropriate, to request its erasure, among other reasons, where the data are no longer necessary for the purposes for which they were collected.<\/p><p>In certain circumstances (in the case of requests for rectification, erasure, objection, or restriction prior to erasure), data subjects have the right to restriction of processing. You also have the right to data portability.<\/p><p>In any case, you may lodge a complaint with the Spanish Data Protection Agency(www.aepd.es).<\/p><p>Data subjects may exercise their rights or submit their requests to our Data Protection Officer via email at:<br \/><a href=\"mailto:dpd@cunext.com\">dpd@cunext.com<\/a>.<\/p>\t\t\t\t\t\t\t\t<\/div>\n\t\t\t\t<\/div>\n\t\t\t\t\t<\/div>\n\t\t\t\t<\/div>\n\t\t\t\t<\/div>\n\t\t","protected":false},"excerpt":{"rendered":"<p>Privacy Policy Your privacy is important to Grupo Cunext, which is why we are committed to processing your personal data appropriately and responsibly,at all times adhering to data protection principles and fully complying with current legislation(Regulation (EU) 2016\/679 of the European Parliament and of the Council of 27 April 2016 on the protection of natural [&hellip;]<\/p>\n","protected":false},"author":1,"featured_media":0,"parent":0,"menu_order":0,"comment_status":"closed","ping_status":"closed","template":"elementor_header_footer","meta":{"footnotes":""},"class_list":["post-3047","page","type-page","status-publish","hentry"],"yoast_head":"<!-- This site is optimized with the Yoast SEO plugin v27.3 - https:\/\/yoast.com\/product\/yoast-seo-wordpress\/ -->\n<title>Privacy Policy - Velora<\/title>\n<meta name=\"robots\" content=\"noindex, nofollow\" \/>\n<meta property=\"og:locale\" content=\"en_US\" \/>\n<meta property=\"og:type\" content=\"article\" \/>\n<meta property=\"og:title\" content=\"Privacy Policy - Velora\" \/>\n<meta property=\"og:description\" content=\"Privacy Policy Your privacy is important to Grupo Cunext, which is why we are committed to processing your personal data appropriately and responsibly,at all times adhering to data protection principles and fully complying with current legislation(Regulation (EU) 2016\/679 of the European Parliament and of the Council of 27 April 2016 on the protection of natural [&hellip;]\" \/>\n<meta property=\"og:url\" content=\"https:\/\/velorainvesta.com\/en\/privacy-policy\/\" \/>\n<meta property=\"og:site_name\" content=\"Velora\" \/>\n<meta property=\"article:modified_time\" content=\"2026-03-17T12:15:06+00:00\" \/>\n<meta name=\"twitter:card\" content=\"summary_large_image\" \/>\n<meta name=\"twitter:label1\" content=\"Est. reading time\" \/>\n\t<meta name=\"twitter:data1\" content=\"4 minutes\" \/>\n<script type=\"application\/ld+json\" class=\"yoast-schema-graph\">{\"@context\":\"https:\\\/\\\/schema.org\",\"@graph\":[{\"@type\":\"WebPage\",\"@id\":\"https:\\\/\\\/velorainvesta.com\\\/en\\\/privacy-policy\\\/\",\"url\":\"https:\\\/\\\/velorainvesta.com\\\/en\\\/privacy-policy\\\/\",\"name\":\"Privacy Policy - Velora\",\"isPartOf\":{\"@id\":\"https:\\\/\\\/velorainvesta.com\\\/en\\\/#website\"},\"datePublished\":\"2026-01-27T09:37:15+00:00\",\"dateModified\":\"2026-03-17T12:15:06+00:00\",\"breadcrumb\":{\"@id\":\"https:\\\/\\\/velorainvesta.com\\\/en\\\/privacy-policy\\\/#breadcrumb\"},\"inLanguage\":\"en-US\",\"potentialAction\":[{\"@type\":\"ReadAction\",\"target\":[\"https:\\\/\\\/velorainvesta.com\\\/en\\\/privacy-policy\\\/\"]}]},{\"@type\":\"BreadcrumbList\",\"@id\":\"https:\\\/\\\/velorainvesta.com\\\/en\\\/privacy-policy\\\/#breadcrumb\",\"itemListElement\":[{\"@type\":\"ListItem\",\"position\":1,\"name\":\"Portada\",\"item\":\"https:\\\/\\\/velorainvesta.com\\\/en\\\/\"},{\"@type\":\"ListItem\",\"position\":2,\"name\":\"Privacy Policy\"}]},{\"@type\":\"WebSite\",\"@id\":\"https:\\\/\\\/velorainvesta.com\\\/en\\\/#website\",\"url\":\"https:\\\/\\\/velorainvesta.com\\\/en\\\/\",\"name\":\"Velora Investa\",\"description\":\"Grupo industrial que opera en la cadena de la energ\u00eda\",\"publisher\":{\"@id\":\"https:\\\/\\\/velorainvesta.com\\\/en\\\/#organization\"},\"potentialAction\":[{\"@type\":\"SearchAction\",\"target\":{\"@type\":\"EntryPoint\",\"urlTemplate\":\"https:\\\/\\\/velorainvesta.com\\\/en\\\/?s={search_term_string}\"},\"query-input\":{\"@type\":\"PropertyValueSpecification\",\"valueRequired\":true,\"valueName\":\"search_term_string\"}}],\"inLanguage\":\"en-US\"},{\"@type\":\"Organization\",\"@id\":\"https:\\\/\\\/velorainvesta.com\\\/en\\\/#organization\",\"name\":\"Velora Investa\",\"url\":\"https:\\\/\\\/velorainvesta.com\\\/en\\\/\",\"logo\":{\"@type\":\"ImageObject\",\"inLanguage\":\"en-US\",\"@id\":\"https:\\\/\\\/velorainvesta.com\\\/en\\\/#\\\/schema\\\/logo\\\/image\\\/\",\"url\":\"https:\\\/\\\/velorainvesta.com\\\/wp-content\\\/uploads\\\/2026\\\/01\\\/Logo-Velora-01.png\",\"contentUrl\":\"https:\\\/\\\/velorainvesta.com\\\/wp-content\\\/uploads\\\/2026\\\/01\\\/Logo-Velora-01.png\",\"width\":1250,\"height\":1250,\"caption\":\"Velora Investa\"},\"image\":{\"@id\":\"https:\\\/\\\/velorainvesta.com\\\/en\\\/#\\\/schema\\\/logo\\\/image\\\/\"}}]}<\/script>\n<!-- \/ Yoast SEO plugin. -->","yoast_head_json":{"title":"Privacy Policy - Velora","robots":{"index":"noindex","follow":"nofollow"},"og_locale":"en_US","og_type":"article","og_title":"Privacy Policy - Velora","og_description":"Privacy Policy Your privacy is important to Grupo Cunext, which is why we are committed to processing your personal data appropriately and responsibly,at all times adhering to data protection principles and fully complying with current legislation(Regulation (EU) 2016\/679 of the European Parliament and of the Council of 27 April 2016 on the protection of natural [&hellip;]","og_url":"https:\/\/velorainvesta.com\/en\/privacy-policy\/","og_site_name":"Velora","article_modified_time":"2026-03-17T12:15:06+00:00","twitter_card":"summary_large_image","twitter_misc":{"Est. reading time":"4 minutes"},"schema":{"@context":"https:\/\/schema.org","@graph":[{"@type":"WebPage","@id":"https:\/\/velorainvesta.com\/en\/privacy-policy\/","url":"https:\/\/velorainvesta.com\/en\/privacy-policy\/","name":"Privacy Policy - Velora","isPartOf":{"@id":"https:\/\/velorainvesta.com\/en\/#website"},"datePublished":"2026-01-27T09:37:15+00:00","dateModified":"2026-03-17T12:15:06+00:00","breadcrumb":{"@id":"https:\/\/velorainvesta.com\/en\/privacy-policy\/#breadcrumb"},"inLanguage":"en-US","potentialAction":[{"@type":"ReadAction","target":["https:\/\/velorainvesta.com\/en\/privacy-policy\/"]}]},{"@type":"BreadcrumbList","@id":"https:\/\/velorainvesta.com\/en\/privacy-policy\/#breadcrumb","itemListElement":[{"@type":"ListItem","position":1,"name":"Portada","item":"https:\/\/velorainvesta.com\/en\/"},{"@type":"ListItem","position":2,"name":"Privacy Policy"}]},{"@type":"WebSite","@id":"https:\/\/velorainvesta.com\/en\/#website","url":"https:\/\/velorainvesta.com\/en\/","name":"Velora Investa","description":"Grupo industrial que opera en la cadena de la energ\u00eda","publisher":{"@id":"https:\/\/velorainvesta.com\/en\/#organization"},"potentialAction":[{"@type":"SearchAction","target":{"@type":"EntryPoint","urlTemplate":"https:\/\/velorainvesta.com\/en\/?s={search_term_string}"},"query-input":{"@type":"PropertyValueSpecification","valueRequired":true,"valueName":"search_term_string"}}],"inLanguage":"en-US"},{"@type":"Organization","@id":"https:\/\/velorainvesta.com\/en\/#organization","name":"Velora Investa","url":"https:\/\/velorainvesta.com\/en\/","logo":{"@type":"ImageObject","inLanguage":"en-US","@id":"https:\/\/velorainvesta.com\/en\/#\/schema\/logo\/image\/","url":"https:\/\/velorainvesta.com\/wp-content\/uploads\/2026\/01\/Logo-Velora-01.png","contentUrl":"https:\/\/velorainvesta.com\/wp-content\/uploads\/2026\/01\/Logo-Velora-01.png","width":1250,"height":1250,"caption":"Velora Investa"},"image":{"@id":"https:\/\/velorainvesta.com\/en\/#\/schema\/logo\/image\/"}}]}},"_links":{"self":[{"href":"https:\/\/velorainvesta.com\/en\/wp-json\/wp\/v2\/pages\/3047","targetHints":{"allow":["GET"]}}],"collection":[{"href":"https:\/\/velorainvesta.com\/en\/wp-json\/wp\/v2\/pages"}],"about":[{"href":"https:\/\/velorainvesta.com\/en\/wp-json\/wp\/v2\/types\/page"}],"author":[{"embeddable":true,"href":"https:\/\/velorainvesta.com\/en\/wp-json\/wp\/v2\/users\/1"}],"replies":[{"embeddable":true,"href":"https:\/\/velorainvesta.com\/en\/wp-json\/wp\/v2\/comments?post=3047"}],"version-history":[{"count":4,"href":"https:\/\/velorainvesta.com\/en\/wp-json\/wp\/v2\/pages\/3047\/revisions"}],"predecessor-version":[{"id":3056,"href":"https:\/\/velorainvesta.com\/en\/wp-json\/wp\/v2\/pages\/3047\/revisions\/3056"}],"wp:attachment":[{"href":"https:\/\/velorainvesta.com\/en\/wp-json\/wp\/v2\/media?parent=3047"}],"curies":[{"name":"wp","href":"https:\/\/api.w.org\/{rel}","templated":true}]}}