{"id":3730,"date":"2026-01-27T10:37:15","date_gmt":"2026-01-27T09:37:15","guid":{"rendered":"https:\/\/velorainvesta.com\/politica-de-privacidad\/"},"modified":"2026-03-19T07:32:27","modified_gmt":"2026-03-19T06:32:27","slug":"datenschutzerklarung","status":"publish","type":"page","link":"https:\/\/velorainvesta.com\/de\/datenschutzerklarung\/","title":{"rendered":"Datenschutzerkl\u00e4rung"},"content":{"rendered":"\t\t<div data-elementor-type=\"wp-page\" data-elementor-id=\"3730\" class=\"elementor elementor-3730 elementor-380\" data-elementor-post-type=\"page\">\n\t\t\t\t<div class=\"elementor-element elementor-element-30858f97 e-flex e-con-boxed e-con e-parent\" data-id=\"30858f97\" data-element_type=\"container\" data-e-type=\"container\" data-settings=\"{&quot;background_background&quot;:&quot;classic&quot;}\">\n\t\t\t\t\t<div class=\"e-con-inner\">\n\t\t<div class=\"elementor-element elementor-element-13343de2 e-con-full e-flex e-con e-child\" data-id=\"13343de2\" data-element_type=\"container\" data-e-type=\"container\">\n\t\t\t\t<div class=\"elementor-element elementor-element-3b239f6c elementor-invisible elementor-widget elementor-widget-heading\" data-id=\"3b239f6c\" data-element_type=\"widget\" data-e-type=\"widget\" data-settings=\"{&quot;_animation&quot;:&quot;fadeIn&quot;}\" data-widget_type=\"heading.default\">\n\t\t\t\t<div class=\"elementor-widget-container\">\n\t\t\t\t\t<h1 class=\"elementor-heading-title elementor-size-default\">Datenschutzerklarung\n<\/h1>\t\t\t\t<\/div>\n\t\t\t\t<\/div>\n\t\t\t\t<\/div>\n\t\t\t\t\t<\/div>\n\t\t\t\t<\/div>\n\t\t<div class=\"elementor-element elementor-element-3256de8 legales e-flex e-con-boxed e-con e-parent\" data-id=\"3256de8\" data-element_type=\"container\" data-e-type=\"container\">\n\t\t\t\t\t<div class=\"e-con-inner\">\n\t\t\t\t<div class=\"elementor-element elementor-element-43ab2a3 legales elementor-widget elementor-widget-text-editor\" data-id=\"43ab2a3\" data-element_type=\"widget\" data-e-type=\"widget\" data-widget_type=\"text-editor.default\">\n\t\t\t\t<div class=\"elementor-widget-container\">\n\t\t\t\t\t\t\t\t\tIhre Privatsph\u00e4re ist der Grupo Cunext wichtig. Daher verpflichten wir uns, Ihre personenbezogenen Daten angemessen und verantwortungsvoll zu verarbeiten,\nwobei wir jederzeit die Grunds\u00e4tze des Datenschutzes beachten und die geltenden Rechtsvorschriften strikt einhalten\n(Verordnung (EU) 2016\/679 des Europ\u00e4ischen Parlaments und des Rates vom 27. April 2016 zum Schutz nat\u00fcrlicher Personen bei der Verarbeitung personenbezogener Daten\nund zum freien Datenverkehr \u2013 DSGVO \u2013 sowie das spanische Organgesetz 3\/2018 vom 5. Dezember zum Schutz personenbezogener Daten und zur Gew\u00e4hrleistung digitaler Rechte \u2013 LOPDGDD).\n\nIn dieser Datenschutzerkl\u00e4rung informieren wir Sie ausf\u00fchrlich dar\u00fcber, wer f\u00fcr die Verarbeitung Ihrer personenbezogenen Daten verantwortlich ist, zu welchen Zwecken und aus welchen Gr\u00fcnden diese verwendet werden,\nwie lange sie gespeichert werden und ob sie weitergegeben oder offengelegt werden.\n\nDamit Sie die volle Kontrolle \u00fcber Ihre personenbezogenen Daten haben, informieren wir Sie dar\u00fcber, gegen\u00fcber wem und wie Sie Ihre Rechte aus\u00fcben k\u00f6nnen.\n\n<h3>Verantwortlicher f\u00fcr die Datenverarbeitung<\/h3> \nAls Verantwortlicher gilt das Unternehmen der Grupo Cunext, mit dem Sie eine der in dieser Datenschutzerkl\u00e4rung beschriebenen Verarbeitungst\u00e4tigkeiten durchgef\u00fchrt haben. Die entsprechenden detaillierten Informationen finden Sie nachfolgend:\n<br><br>\n<a href=\"https:\/\/cunext.com\/wp-content\/uploads\/2023\/06\/Anexo-AVISO-DE-PRIVACIDAD.pdf\" target=\"_blank\" rel=\"noopener\">\n<span class=\"titulo-pdf\">Verarbeitungst\u00e4tigkeiten<\/span>\n<\/a><br>\n\n<h4>1. Gesch\u00e4ftskontakte<\/h4>\n<ul>\n  <li style=\"list-style-type: none;\">\n    <ul>\n      <li><strong>Zweck:<\/strong> Austausch von Mitteilungen im Rahmen der Gesch\u00e4ftsbeziehungen zwischen den verschiedenen Unternehmen der Grupo Cunext und ihren Kunden oder Lieferanten.<\/li>\n      <li><strong>Rechtsgrundlage:<\/strong> Berechtigtes Interesse (Artikel 6 Absatz 1 Buchstabe f DSGVO und Artikel 19 LOPDGDD).<\/li>\n      <li><strong>Speicherdauer:<\/strong> Verj\u00e4hrungsfrist f\u00fcr Verpflichtungen aus den bestehenden gesch\u00e4ftlichen und\/oder handelsrechtlichen Beziehungen.<\/li>\n      <li><strong>Empf\u00e4nger:<\/strong> Es ist keine Weitergabe oder Offenlegung vorgesehen.<\/li>\n    <\/ul>\n  <\/li>\n<\/ul>\n\n&nbsp;\n\n<h4>2. Mitteilungen \u00fcber den Ethikkanal<\/h4>\n<ul>\n  <li style=\"list-style-type: none;\">\n    <ul>\n      <li><strong>Zweck:<\/strong> Verwaltung, Bearbeitung und Untersuchung der \u00fcber den Ethikkanal eingegangenen Mitteilungen sowie gegebenenfalls die Einleitung disziplinarischer Ma\u00dfnahmen oder rechtlicher Verfahren.<\/li>\n      <li><strong>Rechtsgrundlage:<\/strong> Verarbeitung zur Erf\u00fcllung rechtlicher Verpflichtungen (Artikel 6 Absatz 1 Buchstabe c DSGVO in Verbindung mit Artikel 10 des Gesetzes 2\/2023). Sofern besondere Kategorien personenbezogener Daten verarbeitet werden, erfolgt dies auf Grundlage eines erheblichen \u00f6ffentlichen Interesses (Artikel 9 Absatz 2 Buchstabe g DSGVO).<\/li>\n      <li><strong>Speicherdauer:<\/strong> Die zur Entscheidung \u00fcber die Einleitung einer Untersuchung erforderliche Zeit, in jedem Fall jedoch maximal drei (3) Monate ab Eingang der Mitteilung, sofern keine Untersuchung eingeleitet wird. Wird eine Untersuchung eingeleitet, gilt die gesetzliche Verj\u00e4hrungsfrist f\u00fcr entsprechende Ma\u00dfnahmen.<\/li>\n      <li><strong>Empf\u00e4nger:<\/strong> Gegebenenfalls gerichtliche Beh\u00f6rden, Staatsanwaltschaft oder zust\u00e4ndige Verwaltungsbeh\u00f6rden im Rahmen straf-, disziplinar- oder verwaltungsrechtlicher Verfahren.<\/li>\n    <\/ul>\n  <\/li>\n<\/ul>\n\n&nbsp;\n\n<h4>3. Zugangskontrolle zu Einrichtungen<\/h4>\n<ul>\n  <li style=\"list-style-type: none;\">\n    <ul>\n      <li><strong>Zweck:<\/strong> Identifizierung von Personen, die Zugang zu den Einrichtungen erhalten, sowie Kontrolle w\u00e4hrend ihres Aufenthalts.<\/li>\n      <li><strong>Rechtsgrundlage:<\/strong> Berechtigtes Interesse (Artikel 6 Absatz 1 Buchstabe f DSGVO).<\/li>\n      <li><strong>Speicherdauer:<\/strong> Verj\u00e4hrungsfrist f\u00fcr m\u00f6gliche Ordnungswidrigkeiten oder Straftaten.<\/li>\n      <li><strong>Empf\u00e4nger:<\/strong> Keine vorgesehen, au\u00dfer bei Sicherheitsvorf\u00e4llen, in denen eine Weitergabe an Strafverfolgungsbeh\u00f6rden erfolgen kann.<\/li>\n    <\/ul>\n  <\/li>\n<\/ul>\n\n&nbsp;\n\n<h4>4. Video\u00fcberwachung<\/h4>\n<ul>\n  <li><strong>Zweck:<\/strong> Sicherheit von Personen, G\u00fctern und Einrichtungen.<\/li>\n  <li><strong>Rechtsgrundlage:<\/strong> \u00d6ffentliches Interesse (Artikel 6 Absatz 1 Buchstabe e DSGVO und Artikel 22 LOPDGDD).<\/li>\n  <li><strong>Speicherdauer:<\/strong> Ein (1) Monat.<\/li>\n  <li><strong>Empf\u00e4nger:<\/strong> Keine vorgesehen, au\u00dfer bei Sicherheitsvorf\u00e4llen, in denen eine Weitergabe an Strafverfolgungsbeh\u00f6rden erfolgen kann.<\/li>\n<\/ul>\n\nWir treffen keine automatisierten Entscheidungen auf Grundlage der bereitgestellten Daten und erstellen auch keine Profile.\n\n<h3>Rechte<\/h3>\nSie haben das Recht, eine Best\u00e4tigung dar\u00fcber zu erhalten, ob wir personenbezogene Daten verarbeiten, die Sie betreffen. Betroffene Personen haben das Recht auf Auskunft \u00fcber ihre personenbezogenen Daten sowie auf Berichtigung unrichtiger Daten oder \u2013 sofern zutreffend \u2013 auf L\u00f6schung dieser Daten, wenn sie f\u00fcr die Zwecke, f\u00fcr die sie erhoben wurden, nicht mehr erforderlich sind.\n\nUnter bestimmten Umst\u00e4nden (z. B. bei Berichtigung, L\u00f6schung, Widerspruch oder Einschr\u00e4nkung der Verarbeitung) haben betroffene Personen das Recht auf Einschr\u00e4nkung der Verarbeitung. Dar\u00fcber hinaus haben Sie das Recht auf Daten\u00fcbertragbarkeit.\n\nIn jedem Fall k\u00f6nnen Sie eine Beschwerde bei der spanischen Datenschutzbeh\u00f6rde einreichen (www.aepd.es).\n\nBetroffene Personen k\u00f6nnen ihre Rechte aus\u00fcben oder Anfragen an unseren Datenschutzbeauftragten unter folgender E-Mail-Adresse richten:\n<a href=\"mailto:dpd@cunext.com\">dpd@cunext.com<\/a>.\t\t\t\t\t\t\t\t<\/div>\n\t\t\t\t<\/div>\n\t\t\t\t\t<\/div>\n\t\t\t\t<\/div>\n\t\t\t\t<\/div>\n\t\t","protected":false},"excerpt":{"rendered":"<p>Datenschutzerklarung Ihre Privatsph\u00e4re ist der Grupo Cunext wichtig. Daher verpflichten wir uns, Ihre personenbezogenen Daten angemessen und verantwortungsvoll zu verarbeiten, wobei wir jederzeit die Grunds\u00e4tze des Datenschutzes beachten und die geltenden Rechtsvorschriften strikt einhalten (Verordnung (EU) 2016\/679 des Europ\u00e4ischen Parlaments und des Rates vom 27. April 2016 zum Schutz nat\u00fcrlicher Personen bei der Verarbeitung personenbezogener [&hellip;]<\/p>\n","protected":false},"author":1,"featured_media":0,"parent":0,"menu_order":0,"comment_status":"closed","ping_status":"closed","template":"elementor_header_footer","meta":{"footnotes":""},"class_list":["post-3730","page","type-page","status-publish","hentry"],"yoast_head":"<!-- This site is optimized with the Yoast SEO plugin v27.3 - https:\/\/yoast.com\/product\/yoast-seo-wordpress\/ -->\n<title>Datenschutzerkl\u00e4rung - Velora<\/title>\n<meta name=\"robots\" content=\"noindex, nofollow\" \/>\n<meta property=\"og:locale\" content=\"de_DE\" \/>\n<meta property=\"og:type\" content=\"article\" \/>\n<meta property=\"og:title\" content=\"Datenschutzerkl\u00e4rung - Velora\" \/>\n<meta property=\"og:description\" content=\"Datenschutzerklarung Ihre Privatsph\u00e4re ist der Grupo Cunext wichtig. Daher verpflichten wir uns, Ihre personenbezogenen Daten angemessen und verantwortungsvoll zu verarbeiten, wobei wir jederzeit die Grunds\u00e4tze des Datenschutzes beachten und die geltenden Rechtsvorschriften strikt einhalten (Verordnung (EU) 2016\/679 des Europ\u00e4ischen Parlaments und des Rates vom 27. April 2016 zum Schutz nat\u00fcrlicher Personen bei der Verarbeitung personenbezogener [&hellip;]\" \/>\n<meta property=\"og:url\" content=\"https:\/\/velorainvesta.com\/de\/datenschutzerklarung\/\" \/>\n<meta property=\"og:site_name\" content=\"Velora\" \/>\n<meta property=\"article:modified_time\" content=\"2026-03-19T06:32:27+00:00\" \/>\n<meta name=\"twitter:card\" content=\"summary_large_image\" \/>\n<meta name=\"twitter:label1\" content=\"Gesch\u00e4tzte Lesezeit\" \/>\n\t<meta name=\"twitter:data1\" content=\"4\u00a0Minuten\" \/>\n<script type=\"application\/ld+json\" class=\"yoast-schema-graph\">{\"@context\":\"https:\\\/\\\/schema.org\",\"@graph\":[{\"@type\":\"WebPage\",\"@id\":\"https:\\\/\\\/velorainvesta.com\\\/de\\\/datenschutzerklarung\\\/\",\"url\":\"https:\\\/\\\/velorainvesta.com\\\/de\\\/datenschutzerklarung\\\/\",\"name\":\"Datenschutzerkl\u00e4rung - Velora\",\"isPartOf\":{\"@id\":\"https:\\\/\\\/velorainvesta.com\\\/de\\\/#website\"},\"datePublished\":\"2026-01-27T09:37:15+00:00\",\"dateModified\":\"2026-03-19T06:32:27+00:00\",\"breadcrumb\":{\"@id\":\"https:\\\/\\\/velorainvesta.com\\\/de\\\/datenschutzerklarung\\\/#breadcrumb\"},\"inLanguage\":\"de\",\"potentialAction\":[{\"@type\":\"ReadAction\",\"target\":[\"https:\\\/\\\/velorainvesta.com\\\/de\\\/datenschutzerklarung\\\/\"]}]},{\"@type\":\"BreadcrumbList\",\"@id\":\"https:\\\/\\\/velorainvesta.com\\\/de\\\/datenschutzerklarung\\\/#breadcrumb\",\"itemListElement\":[{\"@type\":\"ListItem\",\"position\":1,\"name\":\"Portada\",\"item\":\"https:\\\/\\\/velorainvesta.com\\\/de\\\/\"},{\"@type\":\"ListItem\",\"position\":2,\"name\":\"Datenschutzerkl\u00e4rung\"}]},{\"@type\":\"WebSite\",\"@id\":\"https:\\\/\\\/velorainvesta.com\\\/de\\\/#website\",\"url\":\"https:\\\/\\\/velorainvesta.com\\\/de\\\/\",\"name\":\"Velora Investa\",\"description\":\"Grupo industrial que opera en cadena de la energ\u00eda\",\"publisher\":{\"@id\":\"https:\\\/\\\/velorainvesta.com\\\/de\\\/#organization\"},\"potentialAction\":[{\"@type\":\"SearchAction\",\"target\":{\"@type\":\"EntryPoint\",\"urlTemplate\":\"https:\\\/\\\/velorainvesta.com\\\/de\\\/?s={search_term_string}\"},\"query-input\":{\"@type\":\"PropertyValueSpecification\",\"valueRequired\":true,\"valueName\":\"search_term_string\"}}],\"inLanguage\":\"de\"},{\"@type\":\"Organization\",\"@id\":\"https:\\\/\\\/velorainvesta.com\\\/de\\\/#organization\",\"name\":\"Velora Investa\",\"url\":\"https:\\\/\\\/velorainvesta.com\\\/de\\\/\",\"logo\":{\"@type\":\"ImageObject\",\"inLanguage\":\"de\",\"@id\":\"https:\\\/\\\/velorainvesta.com\\\/de\\\/#\\\/schema\\\/logo\\\/image\\\/\",\"url\":\"https:\\\/\\\/velorainvesta.com\\\/wp-content\\\/uploads\\\/2026\\\/01\\\/Logo-Velora-01.png\",\"contentUrl\":\"https:\\\/\\\/velorainvesta.com\\\/wp-content\\\/uploads\\\/2026\\\/01\\\/Logo-Velora-01.png\",\"width\":1250,\"height\":1250,\"caption\":\"Velora Investa\"},\"image\":{\"@id\":\"https:\\\/\\\/velorainvesta.com\\\/de\\\/#\\\/schema\\\/logo\\\/image\\\/\"}}]}<\/script>\n<!-- \/ Yoast SEO plugin. -->","yoast_head_json":{"title":"Datenschutzerkl\u00e4rung - Velora","robots":{"index":"noindex","follow":"nofollow"},"og_locale":"de_DE","og_type":"article","og_title":"Datenschutzerkl\u00e4rung - Velora","og_description":"Datenschutzerklarung Ihre Privatsph\u00e4re ist der Grupo Cunext wichtig. Daher verpflichten wir uns, Ihre personenbezogenen Daten angemessen und verantwortungsvoll zu verarbeiten, wobei wir jederzeit die Grunds\u00e4tze des Datenschutzes beachten und die geltenden Rechtsvorschriften strikt einhalten (Verordnung (EU) 2016\/679 des Europ\u00e4ischen Parlaments und des Rates vom 27. April 2016 zum Schutz nat\u00fcrlicher Personen bei der Verarbeitung personenbezogener [&hellip;]","og_url":"https:\/\/velorainvesta.com\/de\/datenschutzerklarung\/","og_site_name":"Velora","article_modified_time":"2026-03-19T06:32:27+00:00","twitter_card":"summary_large_image","twitter_misc":{"Gesch\u00e4tzte Lesezeit":"4\u00a0Minuten"},"schema":{"@context":"https:\/\/schema.org","@graph":[{"@type":"WebPage","@id":"https:\/\/velorainvesta.com\/de\/datenschutzerklarung\/","url":"https:\/\/velorainvesta.com\/de\/datenschutzerklarung\/","name":"Datenschutzerkl\u00e4rung - Velora","isPartOf":{"@id":"https:\/\/velorainvesta.com\/de\/#website"},"datePublished":"2026-01-27T09:37:15+00:00","dateModified":"2026-03-19T06:32:27+00:00","breadcrumb":{"@id":"https:\/\/velorainvesta.com\/de\/datenschutzerklarung\/#breadcrumb"},"inLanguage":"de","potentialAction":[{"@type":"ReadAction","target":["https:\/\/velorainvesta.com\/de\/datenschutzerklarung\/"]}]},{"@type":"BreadcrumbList","@id":"https:\/\/velorainvesta.com\/de\/datenschutzerklarung\/#breadcrumb","itemListElement":[{"@type":"ListItem","position":1,"name":"Portada","item":"https:\/\/velorainvesta.com\/de\/"},{"@type":"ListItem","position":2,"name":"Datenschutzerkl\u00e4rung"}]},{"@type":"WebSite","@id":"https:\/\/velorainvesta.com\/de\/#website","url":"https:\/\/velorainvesta.com\/de\/","name":"Velora Investa","description":"Grupo industrial que opera en cadena de la energ\u00eda","publisher":{"@id":"https:\/\/velorainvesta.com\/de\/#organization"},"potentialAction":[{"@type":"SearchAction","target":{"@type":"EntryPoint","urlTemplate":"https:\/\/velorainvesta.com\/de\/?s={search_term_string}"},"query-input":{"@type":"PropertyValueSpecification","valueRequired":true,"valueName":"search_term_string"}}],"inLanguage":"de"},{"@type":"Organization","@id":"https:\/\/velorainvesta.com\/de\/#organization","name":"Velora Investa","url":"https:\/\/velorainvesta.com\/de\/","logo":{"@type":"ImageObject","inLanguage":"de","@id":"https:\/\/velorainvesta.com\/de\/#\/schema\/logo\/image\/","url":"https:\/\/velorainvesta.com\/wp-content\/uploads\/2026\/01\/Logo-Velora-01.png","contentUrl":"https:\/\/velorainvesta.com\/wp-content\/uploads\/2026\/01\/Logo-Velora-01.png","width":1250,"height":1250,"caption":"Velora Investa"},"image":{"@id":"https:\/\/velorainvesta.com\/de\/#\/schema\/logo\/image\/"}}]}},"_links":{"self":[{"href":"https:\/\/velorainvesta.com\/de\/wp-json\/wp\/v2\/pages\/3730","targetHints":{"allow":["GET"]}}],"collection":[{"href":"https:\/\/velorainvesta.com\/de\/wp-json\/wp\/v2\/pages"}],"about":[{"href":"https:\/\/velorainvesta.com\/de\/wp-json\/wp\/v2\/types\/page"}],"author":[{"embeddable":true,"href":"https:\/\/velorainvesta.com\/de\/wp-json\/wp\/v2\/users\/1"}],"replies":[{"embeddable":true,"href":"https:\/\/velorainvesta.com\/de\/wp-json\/wp\/v2\/comments?post=3730"}],"version-history":[{"count":4,"href":"https:\/\/velorainvesta.com\/de\/wp-json\/wp\/v2\/pages\/3730\/revisions"}],"predecessor-version":[{"id":3752,"href":"https:\/\/velorainvesta.com\/de\/wp-json\/wp\/v2\/pages\/3730\/revisions\/3752"}],"wp:attachment":[{"href":"https:\/\/velorainvesta.com\/de\/wp-json\/wp\/v2\/media?parent=3730"}],"curies":[{"name":"wp","href":"https:\/\/api.w.org\/{rel}","templated":true}]}}