{"id":3729,"date":"2026-01-27T12:04:56","date_gmt":"2026-01-27T11:04:56","guid":{"rendered":"https:\/\/velorainvesta.com\/politica-de-cookies\/"},"modified":"2026-03-19T07:29:39","modified_gmt":"2026-03-19T06:29:39","slug":"cookie-richtlinie","status":"publish","type":"page","link":"https:\/\/velorainvesta.com\/de\/cookie-richtlinie\/","title":{"rendered":"Cookie-Richtlinie"},"content":{"rendered":"\t\t<div data-elementor-type=\"wp-page\" data-elementor-id=\"3729\" class=\"elementor elementor-3729 elementor-403\" data-elementor-post-type=\"page\">\n\t\t\t\t<div class=\"elementor-element elementor-element-30858f97 e-flex e-con-boxed e-con e-parent\" data-id=\"30858f97\" data-element_type=\"container\" data-e-type=\"container\" data-settings=\"{&quot;background_background&quot;:&quot;classic&quot;}\">\n\t\t\t\t\t<div class=\"e-con-inner\">\n\t\t<div class=\"elementor-element elementor-element-13343de2 e-con-full e-flex e-con e-child\" data-id=\"13343de2\" data-element_type=\"container\" data-e-type=\"container\">\n\t\t\t\t<div class=\"elementor-element elementor-element-3b239f6c elementor-invisible elementor-widget elementor-widget-heading\" data-id=\"3b239f6c\" data-element_type=\"widget\" data-e-type=\"widget\" data-settings=\"{&quot;_animation&quot;:&quot;fadeIn&quot;}\" data-widget_type=\"heading.default\">\n\t\t\t\t<div class=\"elementor-widget-container\">\n\t\t\t\t\t<h1 class=\"elementor-heading-title elementor-size-default\">Cookie richtlinie (UE)<\/h1>\t\t\t\t<\/div>\n\t\t\t\t<\/div>\n\t\t\t\t<\/div>\n\t\t\t\t\t<\/div>\n\t\t\t\t<\/div>\n\t\t<div class=\"elementor-element elementor-element-74311db legales e-flex e-con-boxed e-con e-parent\" data-id=\"74311db\" data-element_type=\"container\" data-e-type=\"container\">\n\t\t\t\t\t<div class=\"e-con-inner\">\n\t\t\t\t<div class=\"elementor-element elementor-element-42cccec legales elementor-widget elementor-widget-text-editor\" data-id=\"42cccec\" data-element_type=\"widget\" data-e-type=\"widget\" data-widget_type=\"text-editor.default\">\n\t\t\t\t<div class=\"elementor-widget-container\">\n\t\t\t\t\t\t\t\t\t<em>Unsere Cookie-Richtlinie entspricht der ePrivacy-Richtlinie der Europ\u00e4ischen Union sowie der Datenschutz-Grundverordnung (DSGVO).<\/em>\n\n<div id=\"cmplz-document\">\n\n<i>Diese Cookie-Richtlinie wurde zuletzt am 20. Mai 2024 aktualisiert und gilt f\u00fcr B\u00fcrger und dauerhaft ans\u00e4ssige Personen des Europ\u00e4ischen Wirtschaftsraums und der Schweiz.<\/i>\n\n<h3>1. Einf\u00fchrung<\/h3>\nUnsere Website,\nhttps:\/\/velorainvesta.com (im Folgenden: \u201edie Website\u201c) verwendet Cookies und \u00e4hnliche Technologien (der Einfachheit halber werden alle diese Technologien als \u201eCookies\u201c bezeichnet).\nCookies werden auch von uns beauftragten Drittparteien gesetzt. Im folgenden Dokument informieren wir Sie \u00fcber die Verwendung von Cookies auf unserer Website.\n\n<h3>2. Was sind Cookies?<\/h3>\nEin Cookie ist eine kleine Datei, die zusammen mit den Seiten dieser Website gesendet und von Ihrem Browser auf der Festplatte Ihres Computers oder eines anderen Ger\u00e4ts gespeichert wird.\nDie darin gespeicherten Informationen k\u00f6nnen bei einem sp\u00e4teren Besuch an unsere Server oder an die Server geeigneter Dritter zur\u00fcckgesendet werden.\n\n<h3>3. Was sind Skripte?<\/h3>\nEin Skript ist ein Teil eines Programmcodes, der verwendet wird, damit unsere Website ordnungsgem\u00e4\u00df und interaktiv funktioniert.\nDieser Code wird entweder auf unserem Server oder auf Ihrem Ger\u00e4t ausgef\u00fchrt.\n\n<h3>4. Was ist ein Web-Beacon?<\/h3>\nEin Web-Beacon (auch Pixel-Tag genannt) ist ein kleines, unsichtbares Text- oder Bildelement auf einer Website, das zur \u00dcberwachung des Datenverkehrs auf der Website verwendet wird.\nZu diesem Zweck werden verschiedene Daten \u00fcber Sie mithilfe von Web-Beacons gespeichert.\n\n<h3>5. Cookies<\/h3>\n\n<h4>5.1 Technische oder funktionale Cookies<\/h4>\nEinige Cookies stellen sicher, dass bestimmte Teile der Website ordnungsgem\u00e4\u00df funktionieren und dass Ihre Benutzereinstellungen gespeichert bleiben.\nDurch das Setzen funktionaler Cookies erleichtern wir Ihnen den Besuch unserer Website. Auf diese Weise m\u00fcssen Sie nicht wiederholt dieselben Informationen eingeben,\nwenn Sie unsere Website besuchen, und beispielsweise bleiben Artikel in Ihrem Warenkorb, bis Sie die Zahlung abgeschlossen haben.\nWir k\u00f6nnen diese Cookies ohne Ihre Einwilligung setzen.\n\n<h4>5.2 Marketing- \/ Tracking-Cookies<\/h4>\nMarketing- \/ Tracking-Cookies sind Cookies oder andere Formen der lokalen Speicherung, die verwendet werden, um Benutzerprofile zu erstellen,\num Werbung anzuzeigen oder den Nutzer auf dieser Website oder \u00fcber mehrere Websites hinweg zu Marketingzwecken zu verfolgen.\n\n<\/div>\t\t\t\t\t\t\t\t<\/div>\n\t\t\t\t<\/div>\n\t\t\t\t\t<\/div>\n\t\t\t\t<\/div>\n\t\t<div class=\"elementor-element elementor-element-b539aad legales e-flex e-con-boxed e-con e-parent\" data-id=\"b539aad\" data-element_type=\"container\" data-e-type=\"container\">\n\t\t\t\t\t<div class=\"e-con-inner\">\n\t\t\t\t<div class=\"elementor-element elementor-element-855d7e6 elementor-widget elementor-widget-text-editor\" data-id=\"855d7e6\" data-element_type=\"widget\" data-e-type=\"widget\" data-widget_type=\"text-editor.default\">\n\t\t\t\t<div class=\"elementor-widget-container\">\n\t\t\t\t\t\t\t\t\t<h3>7. Einwilligung<\/h3>\nWenn Sie unsere Website zum ersten Mal besuchen, zeigen wir Ihnen ein Pop-up-Fenster mit einer Erkl\u00e4rung zu Cookies an. Sobald Sie auf \u201eEinstellungen speichern\u201c klicken, stimmen Sie der Verwendung der von Ihnen im Pop-up-Fenster ausgew\u00e4hlten Kategorien von Cookies und Plugins zu, wie in dieser Cookie-Richtlinie beschrieben. Sie k\u00f6nnen die Verwendung von Cookies \u00fcber Ihren Browser deaktivieren, beachten Sie jedoch bitte, dass unsere Website dann m\u00f6glicherweise nicht mehr ordnungsgem\u00e4\u00df funktioniert.\n\n7.1 Verwalten Sie Ihre Einwilligungseinstellungen\t\t\t\t\t\t\t\t<\/div>\n\t\t\t\t<\/div>\n\t\t\t\t\t<\/div>\n\t\t\t\t<\/div>\n\t\t<div class=\"elementor-element elementor-element-9e3e623 e-flex e-con-boxed e-con e-parent\" data-id=\"9e3e623\" data-element_type=\"container\" data-e-type=\"container\">\n\t\t\t\t\t<div class=\"e-con-inner\">\n\t\t\t\t<div class=\"elementor-element elementor-element-af93568 elementor-widget elementor-widget-n-accordion\" data-id=\"af93568\" data-element_type=\"widget\" data-e-type=\"widget\" data-settings=\"{&quot;default_state&quot;:&quot;expanded&quot;,&quot;max_items_expended&quot;:&quot;one&quot;,&quot;n_accordion_animation_duration&quot;:{&quot;unit&quot;:&quot;ms&quot;,&quot;size&quot;:400,&quot;sizes&quot;:[]}}\" data-widget_type=\"nested-accordion.default\">\n\t\t\t\t<div class=\"elementor-widget-container\">\n\t\t\t\t\t\t\t<div class=\"e-n-accordion\" aria-label=\"Accordion. Open links with Enter or Space, close with Escape, and navigate with Arrow Keys\">\n\t\t\t\t\t\t<details id=\"e-n-accordion-item-1840\" class=\"e-n-accordion-item\" open>\n\t\t\t\t<summary class=\"e-n-accordion-item-title\" data-accordion-index=\"1\" tabindex=\"0\" aria-expanded=\"true\" aria-controls=\"e-n-accordion-item-1840\" >\n\t\t\t\t\t<span class='e-n-accordion-item-title-header'><div class=\"e-n-accordion-item-title-text\"> Funktional <\/div><\/span>\n\t\t\t\t\t\t\t<span class='e-n-accordion-item-title-icon'>\n\t\t\t<span class='e-opened' ><svg aria-hidden=\"true\" class=\"e-font-icon-svg e-fas-minus\" viewBox=\"0 0 448 512\" xmlns=\"http:\/\/www.w3.org\/2000\/svg\"><path d=\"M416 208H32c-17.67 0-32 14.33-32 32v32c0 17.67 14.33 32 32 32h384c17.67 0 32-14.33 32-32v-32c0-17.67-14.33-32-32-32z\"><\/path><\/svg><\/span>\n\t\t\t<span class='e-closed'><svg aria-hidden=\"true\" class=\"e-font-icon-svg e-fas-plus\" viewBox=\"0 0 448 512\" xmlns=\"http:\/\/www.w3.org\/2000\/svg\"><path d=\"M416 208H272V64c0-17.67-14.33-32-32-32h-32c-17.67 0-32 14.33-32 32v144H32c-17.67 0-32 14.33-32 32v32c0 17.67 14.33 32 32 32h144v144c0 17.67 14.33 32 32 32h32c17.67 0 32-14.33 32-32V304h144c17.67 0 32-14.33 32-32v-32c0-17.67-14.33-32-32-32z\"><\/path><\/svg><\/span>\n\t\t<\/span>\n\n\t\t\t\t\t\t<\/summary>\n\t\t\t\t<div role=\"region\" aria-labelledby=\"e-n-accordion-item-1840\" class=\"elementor-element elementor-element-9b6ea22 e-con-full e-flex e-con e-child\" data-id=\"9b6ea22\" data-element_type=\"container\" data-e-type=\"container\">\n\t\t\t\t<div class=\"elementor-element elementor-element-844f27d elementor-widget elementor-widget-text-editor\" data-id=\"844f27d\" data-element_type=\"widget\" data-e-type=\"widget\" data-widget_type=\"text-editor.default\">\n\t\t\t\t<div class=\"elementor-widget-container\">\n\t\t\t\t\t\t\t\t\tDie Speicherung oder der technische Zugriff ist unbedingt erforderlich, um den rechtm\u00e4\u00dfigen Zweck zu erm\u00f6glichen, die Nutzung eines ausdr\u00fccklich vom Nutzer oder Teilnehmer angeforderten Dienstes zu gew\u00e4hrleisten, oder ausschlie\u00dflich, um die \u00dcbertragung einer Kommunikation \u00fcber ein elektronisches Kommunikationsnetz durchzuf\u00fchren.\t\t\t\t\t\t\t\t<\/div>\n\t\t\t\t<\/div>\n\t\t\t\t<\/div>\n\t\t\t\t\t<\/details>\n\t\t\t\t\t\t<details id=\"e-n-accordion-item-1841\" class=\"e-n-accordion-item\" >\n\t\t\t\t<summary class=\"e-n-accordion-item-title\" data-accordion-index=\"2\" tabindex=\"-1\" aria-expanded=\"false\" aria-controls=\"e-n-accordion-item-1841\" >\n\t\t\t\t\t<span class='e-n-accordion-item-title-header'><div class=\"e-n-accordion-item-title-text\"> Pr\u00e4ferenzen <\/div><\/span>\n\t\t\t\t\t\t\t<span class='e-n-accordion-item-title-icon'>\n\t\t\t<span class='e-opened' ><svg aria-hidden=\"true\" class=\"e-font-icon-svg e-fas-minus\" viewBox=\"0 0 448 512\" xmlns=\"http:\/\/www.w3.org\/2000\/svg\"><path d=\"M416 208H32c-17.67 0-32 14.33-32 32v32c0 17.67 14.33 32 32 32h384c17.67 0 32-14.33 32-32v-32c0-17.67-14.33-32-32-32z\"><\/path><\/svg><\/span>\n\t\t\t<span class='e-closed'><svg aria-hidden=\"true\" class=\"e-font-icon-svg e-fas-plus\" viewBox=\"0 0 448 512\" xmlns=\"http:\/\/www.w3.org\/2000\/svg\"><path d=\"M416 208H272V64c0-17.67-14.33-32-32-32h-32c-17.67 0-32 14.33-32 32v144H32c-17.67 0-32 14.33-32 32v32c0 17.67 14.33 32 32 32h144v144c0 17.67 14.33 32 32 32h32c17.67 0 32-14.33 32-32V304h144c17.67 0 32-14.33 32-32v-32c0-17.67-14.33-32-32-32z\"><\/path><\/svg><\/span>\n\t\t<\/span>\n\n\t\t\t\t\t\t<\/summary>\n\t\t\t\t<div role=\"region\" aria-labelledby=\"e-n-accordion-item-1841\" class=\"elementor-element elementor-element-32bc680 e-con-full e-flex e-con e-child\" data-id=\"32bc680\" data-element_type=\"container\" data-e-type=\"container\">\n\t\t\t\t<div class=\"elementor-element elementor-element-751f295 elementor-widget elementor-widget-text-editor\" data-id=\"751f295\" data-element_type=\"widget\" data-e-type=\"widget\" data-widget_type=\"text-editor.default\">\n\t\t\t\t<div class=\"elementor-widget-container\">\n\t\t\t\t\t\t\t\t\t<p>Die Speicherung oder der technische Zugriff ist erforderlich, um den rechtm\u00e4\u00dfigen Zweck zu erf\u00fcllen, nicht vom Nutzer oder Teilnehmer angeforderte Pr\u00e4ferenzen zu speichern.<\/p>\t\t\t\t\t\t\t\t<\/div>\n\t\t\t\t<\/div>\n\t\t\t\t<\/div>\n\t\t\t\t\t<\/details>\n\t\t\t\t\t\t<details id=\"e-n-accordion-item-1842\" class=\"e-n-accordion-item\" >\n\t\t\t\t<summary class=\"e-n-accordion-item-title\" data-accordion-index=\"3\" tabindex=\"-1\" aria-expanded=\"false\" aria-controls=\"e-n-accordion-item-1842\" >\n\t\t\t\t\t<span class='e-n-accordion-item-title-header'><div class=\"e-n-accordion-item-title-text\"> Marketing <\/div><\/span>\n\t\t\t\t\t\t\t<span class='e-n-accordion-item-title-icon'>\n\t\t\t<span class='e-opened' ><svg aria-hidden=\"true\" class=\"e-font-icon-svg e-fas-minus\" viewBox=\"0 0 448 512\" xmlns=\"http:\/\/www.w3.org\/2000\/svg\"><path d=\"M416 208H32c-17.67 0-32 14.33-32 32v32c0 17.67 14.33 32 32 32h384c17.67 0 32-14.33 32-32v-32c0-17.67-14.33-32-32-32z\"><\/path><\/svg><\/span>\n\t\t\t<span class='e-closed'><svg aria-hidden=\"true\" class=\"e-font-icon-svg e-fas-plus\" viewBox=\"0 0 448 512\" xmlns=\"http:\/\/www.w3.org\/2000\/svg\"><path d=\"M416 208H272V64c0-17.67-14.33-32-32-32h-32c-17.67 0-32 14.33-32 32v144H32c-17.67 0-32 14.33-32 32v32c0 17.67 14.33 32 32 32h144v144c0 17.67 14.33 32 32 32h32c17.67 0 32-14.33 32-32V304h144c17.67 0 32-14.33 32-32v-32c0-17.67-14.33-32-32-32z\"><\/path><\/svg><\/span>\n\t\t<\/span>\n\n\t\t\t\t\t\t<\/summary>\n\t\t\t\t<div role=\"region\" aria-labelledby=\"e-n-accordion-item-1842\" class=\"elementor-element elementor-element-f1b46ab e-con-full e-flex e-con e-child\" data-id=\"f1b46ab\" data-element_type=\"container\" data-e-type=\"container\">\n\t\t\t\t<div class=\"elementor-element elementor-element-bf81e21 elementor-widget elementor-widget-text-editor\" data-id=\"bf81e21\" data-element_type=\"widget\" data-e-type=\"widget\" data-widget_type=\"text-editor.default\">\n\t\t\t\t<div class=\"elementor-widget-container\">\n\t\t\t\t\t\t\t\t\tDie Speicherung oder der technische Zugriff ist erforderlich, um Nutzerprofile zu erstellen, um Werbung zu versenden oder den Nutzer auf einer Website oder \u00fcber mehrere Websites hinweg zu \u00e4hnlichen Marketingzwecken zu verfolgen.\t\t\t\t\t\t\t\t<\/div>\n\t\t\t\t<\/div>\n\t\t\t\t<\/div>\n\t\t\t\t\t<\/details>\n\t\t\t\t\t<\/div>\n\t\t\t\t\t\t<\/div>\n\t\t\t\t<\/div>\n\t\t\t\t\t<\/div>\n\t\t\t\t<\/div>\n\t\t<div class=\"elementor-element elementor-element-64439e2 legales e-flex e-con-boxed e-con e-parent\" data-id=\"64439e2\" data-element_type=\"container\" data-e-type=\"container\">\n\t\t\t\t\t<div class=\"e-con-inner\">\n\t\t\t\t<div class=\"elementor-element elementor-element-cdf3ab4 legales elementor-widget elementor-widget-text-editor\" data-id=\"cdf3ab4\" data-element_type=\"widget\" data-e-type=\"widget\" data-widget_type=\"text-editor.default\">\n\t\t\t\t<div class=\"elementor-widget-container\">\n\t\t\t\t\t\t\t\t\t<h3>8. Aktivierung\/Deaktivierung und L\u00f6schen von Cookies<\/h3>\nSie k\u00f6nnen Ihren Internetbrowser verwenden, um Cookies automatisch oder manuell zu l\u00f6schen.\nSie k\u00f6nnen auch festlegen, dass bestimmte Cookies nicht gesetzt werden d\u00fcrfen.\nEine weitere M\u00f6glichkeit besteht darin, die Einstellungen Ihres Internetbrowsers so zu \u00e4ndern, dass Sie jedes Mal eine Nachricht erhalten, wenn ein Cookie gesetzt wird.\nWeitere Informationen zu diesen Optionen finden Sie in den Anweisungen im \u201eHilfe\u201c-Bereich Ihres Browsers.\n\nBitte beachten Sie, dass unsere Website m\u00f6glicherweise nicht ordnungsgem\u00e4\u00df funktioniert, wenn alle Cookies deaktiviert sind.\nWenn Sie Cookies in Ihrem Browser l\u00f6schen, werden diese nach Ihrer Einwilligung erneut gesetzt, wenn Sie unsere Website erneut besuchen.\n\n<h3>9. Ihre Rechte in Bezug auf personenbezogene Daten<\/h3>\nSie haben folgende Rechte in Bezug auf Ihre personenbezogenen Daten:\n<ul>\n  <li>Sie haben das Recht zu erfahren, warum Ihre personenbezogenen Daten ben\u00f6tigt werden, was mit ihnen geschieht und wie lange sie gespeichert werden.<\/li>\n  <li>Recht auf Auskunft: Sie haben das Recht, auf Ihre personenbezogenen Daten zuzugreifen, die wir \u00fcber Sie gespeichert haben.<\/li>\n  <li>Recht auf Berichtigung: Sie haben das Recht, Ihre personenbezogenen Daten jederzeit zu erg\u00e4nzen, zu berichtigen, zu l\u00f6schen oder zu sperren.<\/li>\n  <li>Wenn Sie uns Ihre Einwilligung zur Verarbeitung Ihrer Daten erteilt haben, haben Sie das Recht, diese Einwilligung zu widerrufen und die L\u00f6schung Ihrer personenbezogenen Daten zu verlangen.<\/li>\n  <li>Recht auf Daten\u00fcbertragbarkeit: Sie haben das Recht, alle Ihre personenbezogenen Daten vom Verantwortlichen anzufordern und diese vollst\u00e4ndig an einen anderen Verantwortlichen zu \u00fcbertragen.<\/li>\n  <li>Widerspruchsrecht: Sie k\u00f6nnen der Verarbeitung Ihrer Daten widersprechen. Wir entsprechen dem, sofern keine berechtigten Gr\u00fcnde f\u00fcr die Verarbeitung vorliegen.<\/li>\n<\/ul>\n\nUm diese Rechte auszu\u00fcben, kontaktieren Sie uns bitte.\nDie Kontaktdaten finden Sie am Ende dieser Cookie-Richtlinie.\nWenn Sie eine Beschwerde dar\u00fcber haben, wie wir Ihre Daten verarbeiten, w\u00fcrden wir uns freuen, wenn Sie uns dies mitteilen,\nSie haben jedoch auch das Recht, eine Beschwerde bei der Aufsichtsbeh\u00f6rde (Datenschutzbeh\u00f6rde) einzureichen.\n\n<h3>10. Kontaktdaten<\/h3>\nF\u00fcr Fragen und\/oder Kommentare zu unserer Cookie-Richtlinie und dieser Erkl\u00e4rung kontaktieren Sie uns bitte unter folgenden Kontaktdaten:\n\nVELORA INVESTA, SL  \nAvd. de la F\u00e1brica s\/n, 14005, C\u00f3rdoba  \nSpanien  \n\nWebsite: <a href=\"https:\/\/cunext.com\/\">https:\/\/<\/a>velorainvesta.com  \nE-Mail: lopd@velorainvesta.com  \nTelefon: +34 957 499 300  \n\nDiese Cookie-Richtlinie wurde mit\n<a href=\"https:\/\/cookiedatabase.org\/\" target=\"_blank\" rel=\"noopener\">cookiedatabase.org<\/a>\nam 25. April 2024 synchronisiert.\t\t\t\t\t\t\t\t<\/div>\n\t\t\t\t<\/div>\n\t\t\t\t\t<\/div>\n\t\t\t\t<\/div>\n\t\t\t\t<\/div>\n\t\t","protected":false},"excerpt":{"rendered":"<p>Cookie richtlinie (UE) Unsere Cookie-Richtlinie entspricht der ePrivacy-Richtlinie der Europ\u00e4ischen Union sowie der Datenschutz-Grundverordnung (DSGVO). Diese Cookie-Richtlinie wurde zuletzt am 20. Mai 2024 aktualisiert und gilt f\u00fcr B\u00fcrger und dauerhaft ans\u00e4ssige Personen des Europ\u00e4ischen Wirtschaftsraums und der Schweiz. 1. Einf\u00fchrung Unsere Website, https:\/\/velorainvesta.com (im Folgenden: \u201edie Website\u201c) verwendet Cookies und \u00e4hnliche Technologien (der Einfachheit halber [&hellip;]<\/p>\n","protected":false},"author":3,"featured_media":0,"parent":0,"menu_order":0,"comment_status":"closed","ping_status":"closed","template":"elementor_header_footer","meta":{"footnotes":""},"class_list":["post-3729","page","type-page","status-publish","hentry"],"yoast_head":"<!-- This site is optimized with the Yoast SEO plugin v27.3 - https:\/\/yoast.com\/product\/yoast-seo-wordpress\/ -->\n<title>Cookie-Richtlinie - Velora<\/title>\n<meta name=\"robots\" content=\"index, follow, max-snippet:-1, max-image-preview:large, max-video-preview:-1\" \/>\n<link rel=\"canonical\" href=\"https:\/\/velorainvesta.com\/de\/cookie-richtlinie\/\" \/>\n<meta property=\"og:locale\" content=\"de_DE\" \/>\n<meta property=\"og:type\" content=\"article\" \/>\n<meta property=\"og:title\" content=\"Cookie-Richtlinie - Velora\" \/>\n<meta property=\"og:description\" content=\"Cookie richtlinie (UE) Unsere Cookie-Richtlinie entspricht der ePrivacy-Richtlinie der Europ\u00e4ischen Union sowie der Datenschutz-Grundverordnung (DSGVO). Diese Cookie-Richtlinie wurde zuletzt am 20. Mai 2024 aktualisiert und gilt f\u00fcr B\u00fcrger und dauerhaft ans\u00e4ssige Personen des Europ\u00e4ischen Wirtschaftsraums und der Schweiz. 1. Einf\u00fchrung Unsere Website, https:\/\/velorainvesta.com (im Folgenden: \u201edie Website\u201c) verwendet Cookies und \u00e4hnliche Technologien (der Einfachheit halber [&hellip;]\" \/>\n<meta property=\"og:url\" content=\"https:\/\/velorainvesta.com\/de\/cookie-richtlinie\/\" \/>\n<meta property=\"og:site_name\" content=\"Velora\" \/>\n<meta property=\"article:modified_time\" content=\"2026-03-19T06:29:39+00:00\" \/>\n<meta name=\"twitter:card\" content=\"summary_large_image\" \/>\n<meta name=\"twitter:label1\" content=\"Gesch\u00e4tzte Lesezeit\" \/>\n\t<meta name=\"twitter:data1\" content=\"6\u00a0Minuten\" \/>\n<script type=\"application\/ld+json\" class=\"yoast-schema-graph\">{\"@context\":\"https:\\\/\\\/schema.org\",\"@graph\":[{\"@type\":\"WebPage\",\"@id\":\"https:\\\/\\\/velorainvesta.com\\\/de\\\/cookie-richtlinie\\\/\",\"url\":\"https:\\\/\\\/velorainvesta.com\\\/de\\\/cookie-richtlinie\\\/\",\"name\":\"Cookie-Richtlinie - Velora\",\"isPartOf\":{\"@id\":\"https:\\\/\\\/velorainvesta.com\\\/de\\\/#website\"},\"datePublished\":\"2026-01-27T11:04:56+00:00\",\"dateModified\":\"2026-03-19T06:29:39+00:00\",\"breadcrumb\":{\"@id\":\"https:\\\/\\\/velorainvesta.com\\\/de\\\/cookie-richtlinie\\\/#breadcrumb\"},\"inLanguage\":\"de\",\"potentialAction\":[{\"@type\":\"ReadAction\",\"target\":[\"https:\\\/\\\/velorainvesta.com\\\/de\\\/cookie-richtlinie\\\/\"]}]},{\"@type\":\"BreadcrumbList\",\"@id\":\"https:\\\/\\\/velorainvesta.com\\\/de\\\/cookie-richtlinie\\\/#breadcrumb\",\"itemListElement\":[{\"@type\":\"ListItem\",\"position\":1,\"name\":\"Portada\",\"item\":\"https:\\\/\\\/velorainvesta.com\\\/de\\\/\"},{\"@type\":\"ListItem\",\"position\":2,\"name\":\"Cookie-Richtlinie\"}]},{\"@type\":\"WebSite\",\"@id\":\"https:\\\/\\\/velorainvesta.com\\\/de\\\/#website\",\"url\":\"https:\\\/\\\/velorainvesta.com\\\/de\\\/\",\"name\":\"Velora Investa\",\"description\":\"Grupo industrial que opera en cadena de la energ\u00eda\",\"publisher\":{\"@id\":\"https:\\\/\\\/velorainvesta.com\\\/de\\\/#organization\"},\"potentialAction\":[{\"@type\":\"SearchAction\",\"target\":{\"@type\":\"EntryPoint\",\"urlTemplate\":\"https:\\\/\\\/velorainvesta.com\\\/de\\\/?s={search_term_string}\"},\"query-input\":{\"@type\":\"PropertyValueSpecification\",\"valueRequired\":true,\"valueName\":\"search_term_string\"}}],\"inLanguage\":\"de\"},{\"@type\":\"Organization\",\"@id\":\"https:\\\/\\\/velorainvesta.com\\\/de\\\/#organization\",\"name\":\"Velora Investa\",\"url\":\"https:\\\/\\\/velorainvesta.com\\\/de\\\/\",\"logo\":{\"@type\":\"ImageObject\",\"inLanguage\":\"de\",\"@id\":\"https:\\\/\\\/velorainvesta.com\\\/de\\\/#\\\/schema\\\/logo\\\/image\\\/\",\"url\":\"https:\\\/\\\/velorainvesta.com\\\/wp-content\\\/uploads\\\/2026\\\/01\\\/Logo-Velora-01.png\",\"contentUrl\":\"https:\\\/\\\/velorainvesta.com\\\/wp-content\\\/uploads\\\/2026\\\/01\\\/Logo-Velora-01.png\",\"width\":1250,\"height\":1250,\"caption\":\"Velora Investa\"},\"image\":{\"@id\":\"https:\\\/\\\/velorainvesta.com\\\/de\\\/#\\\/schema\\\/logo\\\/image\\\/\"}}]}<\/script>\n<!-- \/ Yoast SEO plugin. -->","yoast_head_json":{"title":"Cookie-Richtlinie - Velora","robots":{"index":"index","follow":"follow","max-snippet":"max-snippet:-1","max-image-preview":"max-image-preview:large","max-video-preview":"max-video-preview:-1"},"canonical":"https:\/\/velorainvesta.com\/de\/cookie-richtlinie\/","og_locale":"de_DE","og_type":"article","og_title":"Cookie-Richtlinie - Velora","og_description":"Cookie richtlinie (UE) Unsere Cookie-Richtlinie entspricht der ePrivacy-Richtlinie der Europ\u00e4ischen Union sowie der Datenschutz-Grundverordnung (DSGVO). Diese Cookie-Richtlinie wurde zuletzt am 20. Mai 2024 aktualisiert und gilt f\u00fcr B\u00fcrger und dauerhaft ans\u00e4ssige Personen des Europ\u00e4ischen Wirtschaftsraums und der Schweiz. 1. Einf\u00fchrung Unsere Website, https:\/\/velorainvesta.com (im Folgenden: \u201edie Website\u201c) verwendet Cookies und \u00e4hnliche Technologien (der Einfachheit halber [&hellip;]","og_url":"https:\/\/velorainvesta.com\/de\/cookie-richtlinie\/","og_site_name":"Velora","article_modified_time":"2026-03-19T06:29:39+00:00","twitter_card":"summary_large_image","twitter_misc":{"Gesch\u00e4tzte Lesezeit":"6\u00a0Minuten"},"schema":{"@context":"https:\/\/schema.org","@graph":[{"@type":"WebPage","@id":"https:\/\/velorainvesta.com\/de\/cookie-richtlinie\/","url":"https:\/\/velorainvesta.com\/de\/cookie-richtlinie\/","name":"Cookie-Richtlinie - Velora","isPartOf":{"@id":"https:\/\/velorainvesta.com\/de\/#website"},"datePublished":"2026-01-27T11:04:56+00:00","dateModified":"2026-03-19T06:29:39+00:00","breadcrumb":{"@id":"https:\/\/velorainvesta.com\/de\/cookie-richtlinie\/#breadcrumb"},"inLanguage":"de","potentialAction":[{"@type":"ReadAction","target":["https:\/\/velorainvesta.com\/de\/cookie-richtlinie\/"]}]},{"@type":"BreadcrumbList","@id":"https:\/\/velorainvesta.com\/de\/cookie-richtlinie\/#breadcrumb","itemListElement":[{"@type":"ListItem","position":1,"name":"Portada","item":"https:\/\/velorainvesta.com\/de\/"},{"@type":"ListItem","position":2,"name":"Cookie-Richtlinie"}]},{"@type":"WebSite","@id":"https:\/\/velorainvesta.com\/de\/#website","url":"https:\/\/velorainvesta.com\/de\/","name":"Velora Investa","description":"Grupo industrial que opera en cadena de la energ\u00eda","publisher":{"@id":"https:\/\/velorainvesta.com\/de\/#organization"},"potentialAction":[{"@type":"SearchAction","target":{"@type":"EntryPoint","urlTemplate":"https:\/\/velorainvesta.com\/de\/?s={search_term_string}"},"query-input":{"@type":"PropertyValueSpecification","valueRequired":true,"valueName":"search_term_string"}}],"inLanguage":"de"},{"@type":"Organization","@id":"https:\/\/velorainvesta.com\/de\/#organization","name":"Velora Investa","url":"https:\/\/velorainvesta.com\/de\/","logo":{"@type":"ImageObject","inLanguage":"de","@id":"https:\/\/velorainvesta.com\/de\/#\/schema\/logo\/image\/","url":"https:\/\/velorainvesta.com\/wp-content\/uploads\/2026\/01\/Logo-Velora-01.png","contentUrl":"https:\/\/velorainvesta.com\/wp-content\/uploads\/2026\/01\/Logo-Velora-01.png","width":1250,"height":1250,"caption":"Velora Investa"},"image":{"@id":"https:\/\/velorainvesta.com\/de\/#\/schema\/logo\/image\/"}}]}},"_links":{"self":[{"href":"https:\/\/velorainvesta.com\/de\/wp-json\/wp\/v2\/pages\/3729","targetHints":{"allow":["GET"]}}],"collection":[{"href":"https:\/\/velorainvesta.com\/de\/wp-json\/wp\/v2\/pages"}],"about":[{"href":"https:\/\/velorainvesta.com\/de\/wp-json\/wp\/v2\/types\/page"}],"author":[{"embeddable":true,"href":"https:\/\/velorainvesta.com\/de\/wp-json\/wp\/v2\/users\/3"}],"replies":[{"embeddable":true,"href":"https:\/\/velorainvesta.com\/de\/wp-json\/wp\/v2\/comments?post=3729"}],"version-history":[{"count":7,"href":"https:\/\/velorainvesta.com\/de\/wp-json\/wp\/v2\/pages\/3729\/revisions"}],"predecessor-version":[{"id":3749,"href":"https:\/\/velorainvesta.com\/de\/wp-json\/wp\/v2\/pages\/3729\/revisions\/3749"}],"wp:attachment":[{"href":"https:\/\/velorainvesta.com\/de\/wp-json\/wp\/v2\/media?parent=3729"}],"curies":[{"name":"wp","href":"https:\/\/api.w.org\/{rel}","templated":true}]}}