{"id":3728,"date":"2026-01-27T11:25:25","date_gmt":"2026-01-27T10:25:25","guid":{"rendered":"https:\/\/velorainvesta.com\/aviso-legal\/"},"modified":"2026-03-19T07:25:19","modified_gmt":"2026-03-19T06:25:19","slug":"impressum","status":"publish","type":"page","link":"https:\/\/velorainvesta.com\/de\/impressum\/","title":{"rendered":"Impressum"},"content":{"rendered":"\t\t<div data-elementor-type=\"wp-page\" data-elementor-id=\"3728\" class=\"elementor elementor-3728 elementor-394\" data-elementor-post-type=\"page\">\n\t\t\t\t<div class=\"elementor-element elementor-element-30858f97 e-flex e-con-boxed e-con e-parent\" data-id=\"30858f97\" data-element_type=\"container\" data-e-type=\"container\" data-settings=\"{&quot;background_background&quot;:&quot;classic&quot;}\">\n\t\t\t\t\t<div class=\"e-con-inner\">\n\t\t<div class=\"elementor-element elementor-element-13343de2 e-con-full e-flex e-con e-child\" data-id=\"13343de2\" data-element_type=\"container\" data-e-type=\"container\">\n\t\t\t\t<div class=\"elementor-element elementor-element-3b239f6c elementor-invisible elementor-widget elementor-widget-heading\" data-id=\"3b239f6c\" data-element_type=\"widget\" data-e-type=\"widget\" data-settings=\"{&quot;_animation&quot;:&quot;fadeIn&quot;}\" data-widget_type=\"heading.default\">\n\t\t\t\t<div class=\"elementor-widget-container\">\n\t\t\t\t\t<h1 class=\"elementor-heading-title elementor-size-default\">Impressum\n<\/h1>\t\t\t\t<\/div>\n\t\t\t\t<\/div>\n\t\t\t\t<\/div>\n\t\t\t\t\t<\/div>\n\t\t\t\t<\/div>\n\t\t<div class=\"elementor-element elementor-element-3256de8 e-flex e-con-boxed e-con e-parent\" data-id=\"3256de8\" data-element_type=\"container\" data-e-type=\"container\">\n\t\t\t\t\t<div class=\"e-con-inner\">\n\t\t\t\t<div class=\"elementor-element elementor-element-43ab2a3 legales elementor-widget elementor-widget-text-editor\" data-id=\"43ab2a3\" data-element_type=\"widget\" data-e-type=\"widget\" data-widget_type=\"text-editor.default\">\n\t\t\t\t<div class=\"elementor-widget-container\">\n\t\t\t\t\t\t\t\t\tIm Folgenden stellen wir Ihnen alle Informationen zu den auf diese Website der VELORA-GRUPPE anwendbaren Vorschriften und gesetzlichen Bestimmungen zur Verf\u00fcgung.\n\n<ul>\n  <li><a href=\"#titularyfinalidades\"><strong>Inhaber und Zwecke:<\/strong><\/a>\n  Verantwortlicher der Website und deren Zwecke.<\/li>\n\n  <li><a href=\"#condicionesdeuso\"><strong>Nutzungsbedingungen f\u00fcr Nutzer und Kunden:<\/strong><\/a>\n  wie unsere Website von Nutzern und Kunden verwendet werden soll.<\/li>\n\n  <li><a href=\"#exclusiones\"><strong>Haftungsausschl\u00fcsse:<\/strong><\/a>\n  F\u00e4lle, in denen wir nicht f\u00fcr den Betrieb oder die Nichtverf\u00fcgbarkeit unserer Website verantwortlich sind.<\/li>\n\n  <li><a href=\"#politicadeenlaces\"><strong>Link-Richtlinie:<\/strong><\/a>\n  zu welchen Seiten unsere Website verlinkt und wer unsere Website verlinken darf.<\/li>\n\n  <li><a href=\"#propiedadintelectual\"><strong>Geistiges Eigentum:<\/strong><\/a>\n  Rechte an den Inhalten unserer Website.<\/li>\n\n  <li><a href=\"https:\/\/cunext.com\/politica-de-privacidad\"><strong>Datenschutzerkl\u00e4rung:<\/strong><\/a>\n  Informationen zur Verarbeitung personenbezogener Daten, geltende Rechte sowie Grunds\u00e4tze der Verarbeitung und Sicherheit.<\/li>\n\n  <li><a href=\"https:\/\/cunext.com\/politica-de-cookies\"><strong>Cookie-Richtlinie:<\/strong><\/a>\n  Tracking-Tools beim Besuch unserer Website sowie Informationen und Entscheidungen zu deren Blockierung und deren Folgen.<\/li>\n\n  <li><a href=\"#legislacion\"><strong>Anwendbare Gesetzgebung:<\/strong><\/a>\n  Vorschriften, die f\u00fcr diese rechtlichen Hinweise gelten.<\/li>\n<\/ul>\n\nBei Fragen, Anregungen oder Anliegen zur Nutzung dieser Website kontaktieren Sie uns bitte per E-Mail unter\n<a href=\"mailto:infocunext@cunext.com\">info@cunext.com<\/a>\n\n<div>\n<h3>1. Inhaber und Zwecke<\/h3>\nVELORA INVESTA, SL betreibt diese Website velorainvesta.com, um:\n<ul>\n  <li>Informationen zur Corporate Social Responsibility (CSR) der Unternehmensgruppe bereitzustellen.<\/li>\n  <li>Informationen \u00fcber unsere Unternehmensgruppe und deren Funktionsweise sowie deren zertifizierte Garantien darzustellen.<\/li>\n  <li>Unsere Produkte vorzustellen und als Kommunikationskanal mit Kunden zu dienen.<\/li>\n  <li>\u00dcber die <a href=\"https:\/\/cunext.com\/politicia-de-privacidad\">Datenschutzerkl\u00e4rung<\/a> zu informieren, die f\u00fcr die von uns durchgef\u00fchrten Datenverarbeitungen gilt.<\/li>\n<\/ul>\n<\/div>\n\n<div>\n<h3>2. Nutzungsbedingungen f\u00fcr Nutzer und Kunden<\/h3>\nDer Zugang zu dieser Website ist f\u00fcr alle Nutzer sowie f\u00fcr die Kunden der Gesellschaften der VELORA-GRUPPE kostenlos und setzt die Annahme dieser Nutzungsbedingungen voraus.\n\nKunden der Gesellschaften der VELORA-GRUPPE k\u00f6nnen Zugangsdaten f\u00fcr den gesch\u00fctzten Bereich der Website anfordern. Sie verpflichten sich, das bereitgestellte Passwort sorgf\u00e4ltig und vertraulich zu behandeln. Wir behalten uns das Recht vor, den Zugang ohne vorherige Ank\u00fcndigung zu verweigern oder zu entziehen, wenn diese Nutzungsbedingungen nicht eingehalten werden.\n\nAlle Nutzer und Kunden sind verpflichtet, unsere Website rechtm\u00e4\u00dfig und angemessen zu nutzen und insbesondere davon abzusehen, Sch\u00e4den zu verursachen oder Viren bzw. andere Systeme einzuf\u00fchren oder zu verbreiten, die Sch\u00e4den verursachen k\u00f6nnen.\n<\/div>\n\n<div>\n<h3>3. Haftungsausschl\u00fcsse<\/h3>\nWir behalten uns das Recht vor, jederzeit \u00c4nderungen an dieser Website vorzunehmen, insbesondere Inhalte oder Produkte zu \u00e4ndern, zu entfernen oder hinzuzuf\u00fcgen sowie deren Darstellung oder Auffindbarkeit anzupassen.\n\nWir \u00fcbernehmen keine Haftung f\u00fcr die Nichtverf\u00fcgbarkeit der Website aufgrund von Umst\u00e4nden au\u00dferhalb unseres Einflussbereichs (z. B. technische Probleme im Netzwerk, bei Telekommunikationsanbietern, Ger\u00e4teausf\u00e4lle oder andere unvorhersehbare Ereignisse wie Wartung oder Software-Updates). Ebenso \u00fcbernehmen wir keine Haftung f\u00fcr fehlerhafte Verbindungen aufgrund von Browserproblemen oder der Nutzung nicht aktueller Browserversionen. Wir k\u00f6nnen auch nicht garantieren, dass unsere Website mit s\u00e4mtlicher Hard- oder Software kompatibel ist, die vom Nutzer verwendet wird.\n<\/div>\n\n<div>\n<h3>4. Link-Richtlinie<\/h3>\nUnsere Website enth\u00e4lt Links zu den Social-Media-Profilen von VELORA INVESTA, SL sowie zu den Standorten der einzelnen Gesellschaften der Unternehmensgruppe auf Google Maps.\n\nF\u00fcr die Verlinkung unserer Website ist eine ausdr\u00fcckliche Genehmigung von VELORA INVESTA, SL erforderlich. Wir behalten uns das Recht vor, diese jederzeit zu untersagen oder einzuschr\u00e4nken.\n<\/div>\n\n<div>\n<h3>5. Geistiges Eigentum<\/h3>\nDer Domainname geh\u00f6rt VELORA INVESTA, SL und ist ausschlie\u00dflich der VELORA-GRUPPE vorbehalten. Ebenso ist das Unternehmen Inhaber s\u00e4mtlicher Rechte am geistigen Eigentum der Website, einschlie\u00dflich aller Inhalte (Texte, Logos, Zeichen, Marken, Handelsnamen, Designs usw.) sowie des Quellcodes und des grafischen Designs.\n\nDie Vervielf\u00e4ltigung, Verbreitung oder \u00f6ffentliche Wiedergabe der Inhalte dieser Website, ganz oder teilweise, ist ohne unsere ausdr\u00fcckliche Genehmigung untersagt.\n<\/div>\n\n<div>\n<h3>6. Anwendbare Gesetzgebung<\/h3>\nIm Falle von Streitigkeiten oder Auslegungsfragen bez\u00fcglich dieser rechtlichen Hinweise gilt das spanische Recht.\n<\/div>\t\t\t\t\t\t\t\t<\/div>\n\t\t\t\t<\/div>\n\t\t\t\t\t<\/div>\n\t\t\t\t<\/div>\n\t\t\t\t<\/div>\n\t\t","protected":false},"excerpt":{"rendered":"<p>Impressum Im Folgenden stellen wir Ihnen alle Informationen zu den auf diese Website der VELORA-GRUPPE anwendbaren Vorschriften und gesetzlichen Bestimmungen zur Verf\u00fcgung. Inhaber und Zwecke: Verantwortlicher der Website und deren Zwecke. Nutzungsbedingungen f\u00fcr Nutzer und Kunden: wie unsere Website von Nutzern und Kunden verwendet werden soll. Haftungsausschl\u00fcsse: F\u00e4lle, in denen wir nicht f\u00fcr den Betrieb [&hellip;]<\/p>\n","protected":false},"author":3,"featured_media":0,"parent":0,"menu_order":0,"comment_status":"closed","ping_status":"closed","template":"elementor_header_footer","meta":{"footnotes":""},"class_list":["post-3728","page","type-page","status-publish","hentry"],"yoast_head":"<!-- This site is optimized with the Yoast SEO plugin v27.3 - https:\/\/yoast.com\/product\/yoast-seo-wordpress\/ -->\n<title>Impressum - Velora<\/title>\n<meta name=\"robots\" content=\"noindex, nofollow\" \/>\n<meta property=\"og:locale\" content=\"de_DE\" \/>\n<meta property=\"og:type\" content=\"article\" \/>\n<meta property=\"og:title\" content=\"Impressum - Velora\" \/>\n<meta property=\"og:description\" content=\"Impressum Im Folgenden stellen wir Ihnen alle Informationen zu den auf diese Website der VELORA-GRUPPE anwendbaren Vorschriften und gesetzlichen Bestimmungen zur Verf\u00fcgung. Inhaber und Zwecke: Verantwortlicher der Website und deren Zwecke. Nutzungsbedingungen f\u00fcr Nutzer und Kunden: wie unsere Website von Nutzern und Kunden verwendet werden soll. Haftungsausschl\u00fcsse: F\u00e4lle, in denen wir nicht f\u00fcr den Betrieb [&hellip;]\" \/>\n<meta property=\"og:url\" content=\"https:\/\/velorainvesta.com\/de\/impressum\/\" \/>\n<meta property=\"og:site_name\" content=\"Velora\" \/>\n<meta property=\"article:modified_time\" content=\"2026-03-19T06:25:19+00:00\" \/>\n<meta name=\"twitter:card\" content=\"summary_large_image\" \/>\n<meta name=\"twitter:label1\" content=\"Gesch\u00e4tzte Lesezeit\" \/>\n\t<meta name=\"twitter:data1\" content=\"3\u00a0Minuten\" \/>\n<script type=\"application\/ld+json\" class=\"yoast-schema-graph\">{\"@context\":\"https:\\\/\\\/schema.org\",\"@graph\":[{\"@type\":\"WebPage\",\"@id\":\"https:\\\/\\\/velorainvesta.com\\\/de\\\/impressum\\\/\",\"url\":\"https:\\\/\\\/velorainvesta.com\\\/de\\\/impressum\\\/\",\"name\":\"Impressum - Velora\",\"isPartOf\":{\"@id\":\"https:\\\/\\\/velorainvesta.com\\\/de\\\/#website\"},\"datePublished\":\"2026-01-27T10:25:25+00:00\",\"dateModified\":\"2026-03-19T06:25:19+00:00\",\"breadcrumb\":{\"@id\":\"https:\\\/\\\/velorainvesta.com\\\/de\\\/impressum\\\/#breadcrumb\"},\"inLanguage\":\"de\",\"potentialAction\":[{\"@type\":\"ReadAction\",\"target\":[\"https:\\\/\\\/velorainvesta.com\\\/de\\\/impressum\\\/\"]}]},{\"@type\":\"BreadcrumbList\",\"@id\":\"https:\\\/\\\/velorainvesta.com\\\/de\\\/impressum\\\/#breadcrumb\",\"itemListElement\":[{\"@type\":\"ListItem\",\"position\":1,\"name\":\"Portada\",\"item\":\"https:\\\/\\\/velorainvesta.com\\\/de\\\/\"},{\"@type\":\"ListItem\",\"position\":2,\"name\":\"Impressum\"}]},{\"@type\":\"WebSite\",\"@id\":\"https:\\\/\\\/velorainvesta.com\\\/de\\\/#website\",\"url\":\"https:\\\/\\\/velorainvesta.com\\\/de\\\/\",\"name\":\"Velora Investa\",\"description\":\"Grupo industrial que opera en cadena de la energ\u00eda\",\"publisher\":{\"@id\":\"https:\\\/\\\/velorainvesta.com\\\/de\\\/#organization\"},\"potentialAction\":[{\"@type\":\"SearchAction\",\"target\":{\"@type\":\"EntryPoint\",\"urlTemplate\":\"https:\\\/\\\/velorainvesta.com\\\/de\\\/?s={search_term_string}\"},\"query-input\":{\"@type\":\"PropertyValueSpecification\",\"valueRequired\":true,\"valueName\":\"search_term_string\"}}],\"inLanguage\":\"de\"},{\"@type\":\"Organization\",\"@id\":\"https:\\\/\\\/velorainvesta.com\\\/de\\\/#organization\",\"name\":\"Velora Investa\",\"url\":\"https:\\\/\\\/velorainvesta.com\\\/de\\\/\",\"logo\":{\"@type\":\"ImageObject\",\"inLanguage\":\"de\",\"@id\":\"https:\\\/\\\/velorainvesta.com\\\/de\\\/#\\\/schema\\\/logo\\\/image\\\/\",\"url\":\"https:\\\/\\\/velorainvesta.com\\\/wp-content\\\/uploads\\\/2026\\\/01\\\/Logo-Velora-01.png\",\"contentUrl\":\"https:\\\/\\\/velorainvesta.com\\\/wp-content\\\/uploads\\\/2026\\\/01\\\/Logo-Velora-01.png\",\"width\":1250,\"height\":1250,\"caption\":\"Velora Investa\"},\"image\":{\"@id\":\"https:\\\/\\\/velorainvesta.com\\\/de\\\/#\\\/schema\\\/logo\\\/image\\\/\"}}]}<\/script>\n<!-- \/ Yoast SEO plugin. -->","yoast_head_json":{"title":"Impressum - Velora","robots":{"index":"noindex","follow":"nofollow"},"og_locale":"de_DE","og_type":"article","og_title":"Impressum - Velora","og_description":"Impressum Im Folgenden stellen wir Ihnen alle Informationen zu den auf diese Website der VELORA-GRUPPE anwendbaren Vorschriften und gesetzlichen Bestimmungen zur Verf\u00fcgung. Inhaber und Zwecke: Verantwortlicher der Website und deren Zwecke. Nutzungsbedingungen f\u00fcr Nutzer und Kunden: wie unsere Website von Nutzern und Kunden verwendet werden soll. Haftungsausschl\u00fcsse: F\u00e4lle, in denen wir nicht f\u00fcr den Betrieb [&hellip;]","og_url":"https:\/\/velorainvesta.com\/de\/impressum\/","og_site_name":"Velora","article_modified_time":"2026-03-19T06:25:19+00:00","twitter_card":"summary_large_image","twitter_misc":{"Gesch\u00e4tzte Lesezeit":"3\u00a0Minuten"},"schema":{"@context":"https:\/\/schema.org","@graph":[{"@type":"WebPage","@id":"https:\/\/velorainvesta.com\/de\/impressum\/","url":"https:\/\/velorainvesta.com\/de\/impressum\/","name":"Impressum - Velora","isPartOf":{"@id":"https:\/\/velorainvesta.com\/de\/#website"},"datePublished":"2026-01-27T10:25:25+00:00","dateModified":"2026-03-19T06:25:19+00:00","breadcrumb":{"@id":"https:\/\/velorainvesta.com\/de\/impressum\/#breadcrumb"},"inLanguage":"de","potentialAction":[{"@type":"ReadAction","target":["https:\/\/velorainvesta.com\/de\/impressum\/"]}]},{"@type":"BreadcrumbList","@id":"https:\/\/velorainvesta.com\/de\/impressum\/#breadcrumb","itemListElement":[{"@type":"ListItem","position":1,"name":"Portada","item":"https:\/\/velorainvesta.com\/de\/"},{"@type":"ListItem","position":2,"name":"Impressum"}]},{"@type":"WebSite","@id":"https:\/\/velorainvesta.com\/de\/#website","url":"https:\/\/velorainvesta.com\/de\/","name":"Velora Investa","description":"Grupo industrial que opera en cadena de la energ\u00eda","publisher":{"@id":"https:\/\/velorainvesta.com\/de\/#organization"},"potentialAction":[{"@type":"SearchAction","target":{"@type":"EntryPoint","urlTemplate":"https:\/\/velorainvesta.com\/de\/?s={search_term_string}"},"query-input":{"@type":"PropertyValueSpecification","valueRequired":true,"valueName":"search_term_string"}}],"inLanguage":"de"},{"@type":"Organization","@id":"https:\/\/velorainvesta.com\/de\/#organization","name":"Velora Investa","url":"https:\/\/velorainvesta.com\/de\/","logo":{"@type":"ImageObject","inLanguage":"de","@id":"https:\/\/velorainvesta.com\/de\/#\/schema\/logo\/image\/","url":"https:\/\/velorainvesta.com\/wp-content\/uploads\/2026\/01\/Logo-Velora-01.png","contentUrl":"https:\/\/velorainvesta.com\/wp-content\/uploads\/2026\/01\/Logo-Velora-01.png","width":1250,"height":1250,"caption":"Velora Investa"},"image":{"@id":"https:\/\/velorainvesta.com\/de\/#\/schema\/logo\/image\/"}}]}},"_links":{"self":[{"href":"https:\/\/velorainvesta.com\/de\/wp-json\/wp\/v2\/pages\/3728","targetHints":{"allow":["GET"]}}],"collection":[{"href":"https:\/\/velorainvesta.com\/de\/wp-json\/wp\/v2\/pages"}],"about":[{"href":"https:\/\/velorainvesta.com\/de\/wp-json\/wp\/v2\/types\/page"}],"author":[{"embeddable":true,"href":"https:\/\/velorainvesta.com\/de\/wp-json\/wp\/v2\/users\/3"}],"replies":[{"embeddable":true,"href":"https:\/\/velorainvesta.com\/de\/wp-json\/wp\/v2\/comments?post=3728"}],"version-history":[{"count":4,"href":"https:\/\/velorainvesta.com\/de\/wp-json\/wp\/v2\/pages\/3728\/revisions"}],"predecessor-version":[{"id":3743,"href":"https:\/\/velorainvesta.com\/de\/wp-json\/wp\/v2\/pages\/3728\/revisions\/3743"}],"wp:attachment":[{"href":"https:\/\/velorainvesta.com\/de\/wp-json\/wp\/v2\/media?parent=3728"}],"curies":[{"name":"wp","href":"https:\/\/api.w.org\/{rel}","templated":true}]}}